{"id":877,"date":"2021-02-23T12:39:27","date_gmt":"2021-02-23T12:39:27","guid":{"rendered":"http:\/\/volvo4xx.hu\/?page_id=877"},"modified":"2025-09-01T06:56:15","modified_gmt":"2025-09-01T06:56:15","slug":"motorok","status":"publish","type":"page","link":"https:\/\/volvo4xx.hu\/?page_id=877","title":{"rendered":"Motorok"},"content":{"rendered":"<div class=\"wp-block-image\">\n<figure class=\"alignleft size-large\"><img loading=\"lazy\" decoding=\"async\" width=\"250\" height=\"48\" src=\"http:\/\/volvo4xx.hu\/wp-content\/uploads\/2021\/02\/EROFORRAS_VALTO-1.jpg\" alt=\"\" class=\"wp-image-627\"\/><\/figure><\/div>\n\n\n<p>A 480-as 1985-\u00f6s deb\u00fct\u00e1l\u00e1sa el\u0151tt m\u00e1r 1983-ban kialakult egy konkr\u00e9t form\u00e1t is \u00f6lt\u0151 elk\u00e9pzel\u00e9s a VOLVO fronthajt\u00e1s j\u00f6v\u0151j\u00e9r\u0151l: ez volt az <strong>LCP<\/strong> (<strong>L<\/strong>ight <strong>C<\/strong>omponent <strong>P<\/strong>roject) nev\u0171, d\u00edzelmotoros, fronthajt\u00e1s\u00fa, k\u00f6nny\u0171 \u00f6tv\u00f6zetek \u00e9s m\u0171anyagok felhaszn\u00e1l\u00e1s\u00e1val k\u00e9sz\u00edtett, sorozatgy\u00e1rt\u00e1sra k\u00e9sz protot\u00edpus, n\u00e9gy f\u0151 sz\u00e1m\u00e1ra. A felt\u00f6lt\u0151s motor nagyon alacsony fogyaszt\u00e1s\u00fa \u00e9s a magn\u00e9zium haszn\u00e1lata miatt rendk\u00edv\u00fcl k\u00f6nny\u0171 volt. Sajnos sorozatgy\u00e1rt\u00e1sba sosem ker\u00fclt, annak ellen\u00e9re, hogy sokezer tesztkilom\u00e9tert futott sz\u00e9ria\u00e9rett p\u00e9ld\u00e1nyait m\u00e1r az aut\u00f3s \u00fajs\u00e1g\u00edr\u00f3k is kipr\u00f3b\u00e1lhatt\u00e1k \u00e9s technikai \u00fajdons\u00e1gai, kiugr\u00f3 teljes\u00edtm\u00e9nye miatt nagyon szerett\u00e9k. \u00c1ll\u00edt\u00f3lag a gy\u00e1r fels\u0151vezet\u00e9se v\u00e9g\u00fcl &#8211; az aut\u00f3 egyetlen gyenge pontj\u00e1t jelent\u0151, a h\u00e1trafel\u00e9 n\u00e9z\u0151 h\u00e1ts\u00f3 \u00fcl\u00e9ssor miatt &#8211; a sorozatgy\u00e1rt\u00e1s elvet\u00e9se mellett d\u00f6nt\u00f6tt.<\/p>\n\n\n<div class=\"wp-block-image\">\n<figure class=\"aligncenter size-large is-resized\"><img loading=\"lazy\" decoding=\"async\" width=\"1024\" height=\"698\" src=\"http:\/\/volvo4xx.hu\/wp-content\/uploads\/2021\/02\/lcp_nagy-1024x698.jpg\" alt=\"\" class=\"wp-image-878\" style=\"width:690px;height:470px\" srcset=\"https:\/\/volvo4xx.hu\/wp-content\/uploads\/2021\/02\/lcp_nagy-1024x698.jpg 1024w, https:\/\/volvo4xx.hu\/wp-content\/uploads\/2021\/02\/lcp_nagy-300x205.jpg 300w, https:\/\/volvo4xx.hu\/wp-content\/uploads\/2021\/02\/lcp_nagy-768x524.jpg 768w, https:\/\/volvo4xx.hu\/wp-content\/uploads\/2021\/02\/lcp_nagy-1536x1047.jpg 1536w, https:\/\/volvo4xx.hu\/wp-content\/uploads\/2021\/02\/lcp_nagy-2048x1397.jpg 2048w\" sizes=\"(max-width: 1024px) 100vw, 1024px\" \/><\/figure><\/div>\n\n\n<hr class=\"wp-block-separator has-css-opacity is-style-wide\"\/>\n\n\n\n<p>Az akkori aut\u00f3gy\u00e1rt\u00f3 \u00f3ri\u00e1sok mellett a kisebb darabsz\u00e1mban gy\u00e1rt\u00f3 VOLVO sok t\u00edpus\u00e1n\u00e1l vagy m\u00e1sokkal k\u00f6z\u00f6sen fejlesztett motort, vagy megv\u00e1s\u00e1rolta m\u00e1s gy\u00e1rt\u00f3k bev\u00e1lt er\u0151forr\u00e1sait (Renault, Peugeot, VW-Audi csoport, k\u00e9s\u0151bb Ford) \u00e9s ezeket kisebb m\u00f3dos\u00edt\u00e1sokkal \u00e9p\u00edtette be az aut\u00f3iba. A 340-360-as t\u00edpusokat is m\u00e1r Renault er\u0151forr\u00e1sokkal szerelt\u00e9k a sv\u00e9dek. Ekkor m\u00e1r nagyon szoros egy\u00fcttm\u0171k\u00f6d\u00e9s jellemezte a k\u00e9t gy\u00e1rt\u00f3t: t\u00falvannak a Renault-Peugeot-VOLVO k\u00f6z\u00f6s fejleszt\u00e9s\u0171 V6-os <a href=\"http:\/\/volvo4xx.hu\/wp-content\/uploads\/2021\/02\/PRV_V6T.png\" target=\"_blank\" rel=\"noreferrer noopener\">PRV er\u0151forr\u00e1s\u00e1n<\/a>, amelyet a 760-asok is megkaptak. Azt\u00e1n j\u00f6ttek a n\u00e9gyesek.<\/p>\n\n\n\n<hr class=\"wp-block-separator has-css-opacity is-style-wide\"\/>\n\n\n<div class=\"wp-block-image\">\n<figure class=\"alignleft size-large\"><img loading=\"lazy\" decoding=\"async\" width=\"161\" height=\"48\" src=\"http:\/\/volvo4xx.hu\/wp-content\/uploads\/2021\/02\/NEGYESEK.jpg\" alt=\"\" class=\"wp-image-609\"\/><\/figure><\/div>\n\n\n<p>is a Renault nagy sorozatban gy\u00e1rtott, bev\u00e1lt, \u00f6nt\u00f6ttvas blokk-alum\u00ednium hengerfejes er\u0151forr\u00e1sait kapt\u00e1k. T\u00f6bb francia t\u00edpusba ker\u00fclt ez a blokk (R5, R19, R21), t\u00f6bb v\u00e1ltozatban k\u00e9sz\u00fclt. Mivel az eredeti 480-as tervet &#8211; miszerint egy V6-os er\u0151forr\u00e1ssal indul majd az USA-ban &#8211; a m\u00e1sodik \u00fczemanyagv\u00e1ls\u00e1g meghi\u00fas\u00edtotta, ez\u00e9rt egy j\u00f3val visszafogottabb teljes\u00edtm\u00e9ny\u0171, de alacsony fogyaszt\u00e1s\u00fa francia eredet\u0171 n\u00e9gyhengeressel startolt el a t\u00edpus.<\/p>\n\n\n\n<figure class=\"wp-block-gallery has-nested-images columns-default is-cropped wp-block-gallery-1 is-layout-flex wp-block-gallery-is-layout-flex\">\n<figure class=\"wp-block-image size-large\"><img loading=\"lazy\" decoding=\"async\" width=\"949\" height=\"763\" data-id=\"872\" src=\"http:\/\/volvo4xx.hu\/wp-content\/uploads\/2021\/02\/1_8.png\" alt=\"\" class=\"wp-image-872\" srcset=\"https:\/\/volvo4xx.hu\/wp-content\/uploads\/2021\/02\/1_8.png 949w, https:\/\/volvo4xx.hu\/wp-content\/uploads\/2021\/02\/1_8-300x241.png 300w, https:\/\/volvo4xx.hu\/wp-content\/uploads\/2021\/02\/1_8-768x617.png 768w\" sizes=\"(max-width: 949px) 100vw, 949px\" \/><figcaption class=\"wp-element-caption\">B18<\/figcaption><\/figure>\n\n\n\n<figure class=\"wp-block-image size-large\"><img loading=\"lazy\" decoding=\"async\" width=\"949\" height=\"923\" data-id=\"874\" src=\"http:\/\/volvo4xx.hu\/wp-content\/uploads\/2021\/02\/b20f.png\" alt=\"\" class=\"wp-image-874\" srcset=\"https:\/\/volvo4xx.hu\/wp-content\/uploads\/2021\/02\/b20f.png 949w, https:\/\/volvo4xx.hu\/wp-content\/uploads\/2021\/02\/b20f-300x292.png 300w, https:\/\/volvo4xx.hu\/wp-content\/uploads\/2021\/02\/b20f-768x747.png 768w\" sizes=\"(max-width: 949px) 100vw, 949px\" \/><figcaption class=\"wp-element-caption\">B20F<\/figcaption><\/figure>\n\n\n\n<figure class=\"wp-block-image size-large\"><img loading=\"lazy\" decoding=\"async\" width=\"945\" height=\"1009\" data-id=\"870\" src=\"http:\/\/volvo4xx.hu\/wp-content\/uploads\/2021\/02\/1_7_turbo.png\" alt=\"\" class=\"wp-image-870\" srcset=\"https:\/\/volvo4xx.hu\/wp-content\/uploads\/2021\/02\/1_7_turbo.png 945w, https:\/\/volvo4xx.hu\/wp-content\/uploads\/2021\/02\/1_7_turbo-281x300.png 281w, https:\/\/volvo4xx.hu\/wp-content\/uploads\/2021\/02\/1_7_turbo-768x820.png 768w\" sizes=\"(max-width: 945px) 100vw, 945px\" \/><figcaption class=\"wp-element-caption\">B17 Turbo<\/figcaption><\/figure>\n\n\n\n<figure class=\"wp-block-image size-large\"><img loading=\"lazy\" decoding=\"async\" width=\"757\" height=\"515\" data-id=\"876\" src=\"http:\/\/volvo4xx.hu\/wp-content\/uploads\/2021\/02\/d19_motor.png\" alt=\"\" class=\"wp-image-876\" srcset=\"https:\/\/volvo4xx.hu\/wp-content\/uploads\/2021\/02\/d19_motor.png 757w, https:\/\/volvo4xx.hu\/wp-content\/uploads\/2021\/02\/d19_motor-300x204.png 300w\" sizes=\"(max-width: 757px) 100vw, 757px\" \/><figcaption class=\"wp-element-caption\">D19<\/figcaption><\/figure>\n<\/figure>\n\n\n\n<p>A benzines  motorv\u00e1ltozatok sz\u00e1ma folyamatosan n\u0151tt, az alap 1.8-as t\u00f6bb v\u00e1ltozata (karbur\u00e1toros, k\u00f6zponti- \u00e9s hengerenk\u00e9nti befecskendez\u00e9sesek) mellett megjelent az 1,7 Turbo, az 1.6-os, majd az utols\u00f3 motorv\u00e1ltozat a  k\u00e9tliteres hengerenk\u00e9nti befecskendez\u00e9ses sz\u00edv\u00f3motor volt, a B20F k\u00f3djel\u0171. A g\u00e1zolajos er\u0151forr\u00e1s is Renault volt, a nagy nyomat\u00e9kkal rendelkez\u0151, alacsony fogyaszt\u00e1s\u00fa D19-es.   <\/p>\n\n\n\n<figure class=\"wp-block-image size-large is-resized\"><img loading=\"lazy\" decoding=\"async\" width=\"984\" height=\"854\" src=\"http:\/\/volvo4xx.hu\/wp-content\/uploads\/2021\/02\/motorvaltozatok_tablazat.png\" alt=\"\" class=\"wp-image-880\" style=\"width:799px;height:693px\" srcset=\"https:\/\/volvo4xx.hu\/wp-content\/uploads\/2021\/02\/motorvaltozatok_tablazat.png 984w, https:\/\/volvo4xx.hu\/wp-content\/uploads\/2021\/02\/motorvaltozatok_tablazat-300x260.png 300w, https:\/\/volvo4xx.hu\/wp-content\/uploads\/2021\/02\/motorvaltozatok_tablazat-768x667.png 768w\" sizes=\"(max-width: 984px) 100vw, 984px\" \/><\/figure>\n\n\n\n<p>A motor-v\u00e1lt\u00f3 egys\u00e9gben az ut\u00f3bbi is francia eredet\u0171. T\u00f6bb mint <a href=\"http:\/\/volvo4xx.hu\/wp-content\/uploads\/2021\/01\/valtotipusok.jpg\" target=\"_blank\" rel=\"noreferrer noopener\">15 manu\u00e1lis sebess\u00e9gv\u00e1lt\u00f3 v\u00e1ltozat ker\u00fclt be\u00e9p\u00edt\u00e9sre<\/a>, a megfelel\u0151 motorkarakterisztik\u00e1hoz, nyomat\u00e9khoz alak\u00edtott\u00e1k ki az ide\u00e1lis \u00e1tt\u00e9telez\u00e9st. A differenci\u00e1lm\u0171 \u00e9s a v\u00e1lt\u00f3 kompakt egys\u00e9get k\u00e9pez, az <a href=\"http:\/\/volvo4xx.hu\/wp-content\/uploads\/2021\/01\/aut-valto.jpg\" target=\"_blank\" rel=\"noreferrer noopener\">automata<\/a> v\u00e1lt\u00f3val szerelt t\u00edpusok keresettek voltak megb\u00edzhat\u00f3s\u00e1guk miatt (CVT \u00e9s ZF4).<\/p>\n\n\n\n<figure class=\"wp-block-gallery has-nested-images columns-default is-cropped wp-block-gallery-2 is-layout-flex wp-block-gallery-is-layout-flex\">\n<figure class=\"wp-block-image size-large\"><img loading=\"lazy\" decoding=\"async\" width=\"542\" height=\"396\" data-id=\"136\" src=\"http:\/\/volvo4xx.hu\/wp-content\/uploads\/2021\/01\/manualis-valto.jpg\" alt=\"\" class=\"wp-image-136\" srcset=\"https:\/\/volvo4xx.hu\/wp-content\/uploads\/2021\/01\/manualis-valto.jpg 542w, https:\/\/volvo4xx.hu\/wp-content\/uploads\/2021\/01\/manualis-valto-300x219.jpg 300w\" sizes=\"(max-width: 542px) 100vw, 542px\" \/><figcaption class=\"wp-element-caption\">M jel\u0171 manu\u00e1lis v\u00e1lt\u00f3<\/figcaption><\/figure>\n\n\n\n<figure class=\"wp-block-image size-large\"><img loading=\"lazy\" decoding=\"async\" width=\"500\" height=\"482\" data-id=\"134\" src=\"http:\/\/volvo4xx.hu\/wp-content\/uploads\/2021\/01\/aut-valto.jpg\" alt=\"\" class=\"wp-image-134\" srcset=\"https:\/\/volvo4xx.hu\/wp-content\/uploads\/2021\/01\/aut-valto.jpg 500w, https:\/\/volvo4xx.hu\/wp-content\/uploads\/2021\/01\/aut-valto-300x289.jpg 300w\" sizes=\"(max-width: 500px) 100vw, 500px\" \/><figcaption class=\"wp-element-caption\"><br><br>ZF4 automata v\u00e1lt\u00f3<\/figcaption><\/figure>\n<\/figure>\n\n\n<div class=\"wp-block-image\">\n<figure class=\"aligncenter size-full\"><img loading=\"lazy\" decoding=\"async\" width=\"672\" height=\"367\" src=\"http:\/\/volvo4xx.hu\/wp-content\/uploads\/2022\/08\/valtokodok2.jpg\" alt=\"\" class=\"wp-image-1423\" srcset=\"https:\/\/volvo4xx.hu\/wp-content\/uploads\/2022\/08\/valtokodok2.jpg 672w, https:\/\/volvo4xx.hu\/wp-content\/uploads\/2022\/08\/valtokodok2-300x164.jpg 300w\" sizes=\"(max-width: 672px) 100vw, 672px\" \/><figcaption class=\"wp-element-caption\">V\u00e1lt\u00f3 v\u00e1ltozatok \u00e9s ezek \u00e1tt\u00e9telez\u00e9sei (az utols\u00f3 a g\u00e1zolajos motor v\u00e1lt\u00f3ja)<\/figcaption><\/figure><\/div>\n\n\n<hr class=\"wp-block-separator has-alpha-channel-opacity is-style-wide\"\/>\n\n\n\n<p>A kuplungszerkezetn\u00e9l a t\u00e1rcsa m\u00e9rete motoronk\u00e9nt v\u00e1ltozik! A t\u00e1rcsa\u00e1tm\u00e9r\u0151 legt\u00f6bbn\u00e9l 200 mm, kiv\u00e9tel: facelift turb\u00f3, ennek 215 (220) mm, illetve a 2.0i sz\u00edv\u00f3 205 (207) mm. Csere alkalm\u00e1val csak pontos m\u00e9r\u00e9s ut\u00e1n szabad az \u00fajat megrendelni.<\/p>\n\n\n\n<hr class=\"wp-block-separator has-alpha-channel-opacity is-style-wide\"\/>\n\n\n\n<p class=\"has-text-align-center\"><em>A honlapon szerepl\u0151 anyagok, k\u00e9pek a \u201cVolvo Car Corporation\u201d \u00e9s a magyarorsz\u00e1gi Volvo tulajdonosok szellemi tulajdon\u00e1t k\u00e9pezik!<\/em><\/p>\n\n\n\n<p><\/p>\n","protected":false},"excerpt":{"rendered":"<p>A 480-as 1985-\u00f6s deb\u00fct\u00e1l\u00e1sa el\u0151tt m\u00e1r 1983-ban kialakult egy konkr\u00e9t form\u00e1t is \u00f6lt\u0151 elk\u00e9pzel\u00e9s a VOLVO fronthajt\u00e1s j\u00f6v\u0151j\u00e9r\u0151l: ez volt az LCP (Light Component Project) nev\u0171, d\u00edzelmotoros, fronthajt\u00e1s\u00fa, k\u00f6nny\u0171 \u00f6tv\u00f6zetek \u00e9s m\u0171anyagok felhaszn\u00e1l\u00e1s\u00e1val k\u00e9sz\u00edtett, sorozatgy\u00e1rt\u00e1sra k\u00e9sz protot\u00edpus, n\u00e9gy f\u0151 sz\u00e1m\u00e1ra. A felt\u00f6lt\u0151s motor nagyon alacsony fogyaszt\u00e1s\u00fa \u00e9s a magn\u00e9zium haszn\u00e1lata miatt rendk\u00edv\u00fcl k\u00f6nny\u0171 volt. Sajnos [&hellip;]<\/p>\n","protected":false},"author":1,"featured_media":0,"parent":0,"menu_order":0,"comment_status":"closed","ping_status":"closed","template":"","meta":{"_exactmetrics_skip_tracking":false,"_exactmetrics_sitenote_active":false,"_exactmetrics_sitenote_note":"","_exactmetrics_sitenote_category":0,"footnotes":""},"_links":{"self":[{"href":"https:\/\/volvo4xx.hu\/index.php?rest_route=\/wp\/v2\/pages\/877"}],"collection":[{"href":"https:\/\/volvo4xx.hu\/index.php?rest_route=\/wp\/v2\/pages"}],"about":[{"href":"https:\/\/volvo4xx.hu\/index.php?rest_route=\/wp\/v2\/types\/page"}],"author":[{"embeddable":true,"href":"https:\/\/volvo4xx.hu\/index.php?rest_route=\/wp\/v2\/users\/1"}],"replies":[{"embeddable":true,"href":"https:\/\/volvo4xx.hu\/index.php?rest_route=%2Fwp%2Fv2%2Fcomments&post=877"}],"version-history":[{"count":12,"href":"https:\/\/volvo4xx.hu\/index.php?rest_route=\/wp\/v2\/pages\/877\/revisions"}],"predecessor-version":[{"id":2415,"href":"https:\/\/volvo4xx.hu\/index.php?rest_route=\/wp\/v2\/pages\/877\/revisions\/2415"}],"wp:attachment":[{"href":"https:\/\/volvo4xx.hu\/index.php?rest_route=%2Fwp%2Fv2%2Fmedia&parent=877"}],"curies":[{"name":"wp","href":"https:\/\/api.w.org\/{rel}","templated":true}]}}