{"id":776,"date":"2021-02-18T11:42:17","date_gmt":"2021-02-18T11:42:17","guid":{"rendered":"http:\/\/volvo4xx.hu\/?page_id=776"},"modified":"2025-01-07T11:30:44","modified_gmt":"2025-01-07T11:30:44","slug":"fekek-2","status":"publish","type":"page","link":"https:\/\/volvo4xx.hu\/?page_id=776","title":{"rendered":"F\u00e9kek"},"content":{"rendered":"<div class=\"wp-block-image\">\n<figure class=\"alignleft size-large\"><img loading=\"lazy\" decoding=\"async\" width=\"206\" height=\"45\" src=\"http:\/\/volvo4xx.hu\/wp-content\/uploads\/2021\/02\/fekrendszer.jpg\" alt=\"\" class=\"wp-image-777\"\/><\/figure><\/div>\n\n\n<p>kialak\u00edt\u00e1sakor a tervez\u0151ket a biztons\u00e1g, tart\u00f3ss\u00e1g \u00e9s az alacsony karbantart\u00e1si id\u0151 vezette. A korai n\u00e9gyesek k\u00e9tf\u00e9le, k\u00e9tk\u00f6r\u00f6s sima \u00e9s szerv\u00f3s f\u00e9krendszerrel is k\u00e9sz\u00fcltek. A phase II-esek m\u00e1r blokkol\u00e1sg\u00e1tl\u00f3val (ABS) szereltek (11), a TRACS extrak\u00e9nt rendelhet\u0151 volt. A blokkol\u00e1sg\u00e1tl\u00f3val szerelt f\u0151f\u00e9khenger (2) vez\u00e9rli a n\u00e9gy ker\u00e9kn\u00e9l a t\u00e1rcsaf\u00e9kekkel szerelt, sima \u00e9s\/vagy h\u0171t\u00f6tt t\u00e1rcs\u00e1s f\u00e9keket (5-8). A h\u00e1ts\u00f3 fut\u00f3m\u0171vet az alapfelszerelts\u00e9g\u0171 modellekn\u00e9l dobf\u00e9kkel szerelt\u00e9k. A <a href=\"http:\/\/volvo4xx.hu\/wp-content\/uploads\/2021\/02\/hatsofek.jpg\" target=\"_blank\" rel=\"noreferrer noopener\">h\u00e1ts\u00f3 f\u00e9knyeregbe<\/a> \u00e9p\u00edtett <a href=\"http:\/\/volvo4xx.hu\/wp-content\/uploads\/2021\/02\/kezifek.jpg\" target=\"_blank\" rel=\"noreferrer noopener\">k\u00e9zif\u00e9k<\/a> \u00e9rz\u00e9keny technika, odafigyel\u00e9st ig\u00e9nyel. Besz\u00e1ll\u00edt\u00f3 volt a Lucas, a Girling, a Bosch \u00e9s az ATE. Az <a href=\"http:\/\/volvo4xx.hu\/wp-content\/uploads\/2021\/02\/elsofek.jpg\" target=\"_blank\" rel=\"noreferrer noopener\">els\u0151 f\u00e9kek<\/a> \u00fasz\u00f3nyergesek, karbantart\u00e1sig\u00e9ny\u00fck minim\u00e1lis.<\/p>\n\n\n<div class=\"wp-block-image\">\n<figure class=\"aligncenter size-large is-resized\"><img loading=\"lazy\" decoding=\"async\" width=\"672\" height=\"500\" src=\"http:\/\/volvo4xx.hu\/wp-content\/uploads\/2021\/02\/Mark_IV.png\" alt=\"\" class=\"wp-image-782\" style=\"width:632px;height:470px\" srcset=\"https:\/\/volvo4xx.hu\/wp-content\/uploads\/2021\/02\/Mark_IV.png 672w, https:\/\/volvo4xx.hu\/wp-content\/uploads\/2021\/02\/Mark_IV-300x223.png 300w\" sizes=\"(max-width: 672px) 100vw, 672px\" \/><\/figure><\/div>\n\n\n<hr class=\"wp-block-separator has-css-opacity is-style-wide\"\/>\n\n\n<div class=\"wp-block-image\">\n<figure class=\"alignleft size-large\"><img loading=\"lazy\" decoding=\"async\" width=\"376\" height=\"289\" src=\"http:\/\/volvo4xx.hu\/wp-content\/uploads\/2021\/02\/Fofekhenger_ABSsel.png\" alt=\"\" class=\"wp-image-785\" srcset=\"https:\/\/volvo4xx.hu\/wp-content\/uploads\/2021\/02\/Fofekhenger_ABSsel.png 376w, https:\/\/volvo4xx.hu\/wp-content\/uploads\/2021\/02\/Fofekhenger_ABSsel-300x231.png 300w\" sizes=\"(max-width: 376px) 100vw, 376px\" \/><\/figure><\/div>\n\n\n<p>A baloldali k\u00e9pen l\u00e1that\u00f3 MARK IV-es ABS az el\u0151d v\u00e1kumtart\u00e1lyos v\u00e1ltozat\u00e1hoz k\u00e9pest megb\u00edzhat\u00f3bban m\u0171k\u00f6dik. Hibalehet\u0151s\u00e9g az ABS szenzorok k\u00e1bel\u00e9nek szakad\u00e1sa, vagy a ker\u00e9kagyakra sajtolt ABS gy\u0171r\u0171 fogt\u00f6r\u00e9se, elszennyez\u0151d\u00e9se. Indul\u00e1skor lefut a blokkol\u00e1sg\u00e1tl\u00f3 \u00f6ntesztje, ha hib\u00e1t tal\u00e1l a rendszer, a m\u0171szerfali ABS visszajelz\u0151 (12) 30 km\/h sebess\u00e9g felett is vil\u00e1g\u00edt, jelezve a hib\u00e1t. A f\u00e9kbet\u00e9tek \u00e9s a t\u00e1rcs\u00e1k cser\u00e9j\u00e9t egyszerre \u00e9rdemes v\u00e9gezni, egy alkalommal a t\u00e1rcsa leszab\u00e1lyozhat\u00f3, ha megvan az el\u0151\u00edrt minim\u00e1lis vastags\u00e1ga (a f\u00e9krendszert csak szakember szerelje!). A f\u00e9kcs\u00f6vek \u00e1llapot\u00e1t a h\u00e1ts\u00f3h\u00edd k\u00f6rny\u00e9k\u00e9n rendszeresen ellen\u0151rizni kell, fel\u00fcleti rozsda megjelen\u00e9sekor kezelni, festeni kell ezeket.<\/p>\n\n\n<div class=\"wp-block-image\">\n<figure class=\"aligncenter size-large is-resized\"><img loading=\"lazy\" decoding=\"async\" width=\"524\" height=\"508\" src=\"http:\/\/volvo4xx.hu\/wp-content\/uploads\/2021\/03\/hatsofek.jpg\" alt=\"\" class=\"wp-image-943\" style=\"width:594px;height:576px\" srcset=\"https:\/\/volvo4xx.hu\/wp-content\/uploads\/2021\/03\/hatsofek.jpg 524w, https:\/\/volvo4xx.hu\/wp-content\/uploads\/2021\/03\/hatsofek-300x291.jpg 300w\" sizes=\"(max-width: 524px) 100vw, 524px\" \/><\/figure><\/div>\n\n\n<p>A h\u00e1ts\u00f3 f\u00e9knyergek k\u00e9zif\u00e9kmechanik\u00e1ja karbantart\u00e1sig\u00e9nyesebb, a biztons\u00e1gos m\u0171k\u00f6d\u00e9shez rendszeres ken\u00e9st \u00e9s ut\u00e1n\u00e1ll\u00edt\u00e1st ig\u00e9nyel. Ez az ut\u00e1n\u00e1ll\u00edt\u00e1s a f\u00e9knyergek k\u00f6zep\u00e9n tal\u00e1lhat\u00f3 &#8211; imbuszkulccsal nyithat\u00f3 &#8211; f\u00e9mkupak (6) lecsavar\u00e1s\u00e1val v\u00e9gezhet\u0151 el (5). Ezzel a csavarral k\u00f6zel\u00edthet\u0151 a f\u00e9kbet\u00e9t a f\u00e9kt\u00e1rcs\u00e1hoz, a j\u00f3 m\u0171k\u00f6d\u00e9shez addig k\u00f6zel\u00edts\u00fck a bet\u00e9teket, ameddig azok m\u00e1r majdnem fogj\u00e1k a t\u00e1rcs\u00e1t.<\/p>\n\n\n\n<hr class=\"wp-block-separator has-css-opacity is-style-wide\"\/>\n\n\n\n<ul>\n<li>A f\u00e9krendszer <a href=\"http:\/\/volvo4xx.hu\/wp-content\/uploads\/2021\/02\/fekrendszerek_4xx.pdf\">alkot\u00f3elemei<\/a><\/li>\n\n\n\n<li>A f\u00e9krendszer (<a href=\"http:\/\/volvo4xx.hu\/wp-content\/uploads\/2021\/02\/fekalkatreszek_4xx.pdf\" target=\"_blank\" rel=\"noreferrer noopener\">t\u00e1rcs\u00e1k, bet\u00e9tek) adatai, cikksz\u00e1mokkal<\/a><\/li>\n<\/ul>\n\n\n\n<figure class=\"wp-block-gallery has-nested-images columns-default is-cropped wp-block-gallery-1 is-layout-flex wp-block-gallery-is-layout-flex\">\n<figure class=\"wp-block-image size-large\"><img loading=\"lazy\" decoding=\"async\" width=\"768\" height=\"1024\" data-id=\"792\" src=\"https:\/\/volvo4xx.hu\/wp-content\/uploads\/2021\/02\/480as_elso_kerekjarat-768x1024.jpg\" alt=\"\" class=\"wp-image-792\" srcset=\"https:\/\/volvo4xx.hu\/wp-content\/uploads\/2021\/02\/480as_elso_kerekjarat-768x1024.jpg 768w, https:\/\/volvo4xx.hu\/wp-content\/uploads\/2021\/02\/480as_elso_kerekjarat-225x300.jpg 225w, https:\/\/volvo4xx.hu\/wp-content\/uploads\/2021\/02\/480as_elso_kerekjarat-1152x1536.jpg 1152w, https:\/\/volvo4xx.hu\/wp-content\/uploads\/2021\/02\/480as_elso_kerekjarat-rotated.jpg 1536w\" sizes=\"(max-width: 768px) 100vw, 768px\" \/><\/figure>\n\n\n\n<figure class=\"wp-block-image size-large\"><img loading=\"lazy\" decoding=\"async\" width=\"1024\" height=\"768\" data-id=\"793\" src=\"https:\/\/volvo4xx.hu\/wp-content\/uploads\/2021\/02\/480as_hatso_kerekjarat-1024x768.jpg\" alt=\"\" class=\"wp-image-793\" srcset=\"https:\/\/volvo4xx.hu\/wp-content\/uploads\/2021\/02\/480as_hatso_kerekjarat-1024x768.jpg 1024w, https:\/\/volvo4xx.hu\/wp-content\/uploads\/2021\/02\/480as_hatso_kerekjarat-300x225.jpg 300w, https:\/\/volvo4xx.hu\/wp-content\/uploads\/2021\/02\/480as_hatso_kerekjarat-768x576.jpg 768w, https:\/\/volvo4xx.hu\/wp-content\/uploads\/2021\/02\/480as_hatso_kerekjarat-1536x1152.jpg 1536w, https:\/\/volvo4xx.hu\/wp-content\/uploads\/2021\/02\/480as_hatso_kerekjarat.jpg 2048w\" sizes=\"(max-width: 1024px) 100vw, 1024px\" \/><\/figure>\n<\/figure>\n\n\n\n<hr class=\"wp-block-separator has-css-opacity is-style-wide\"\/>\n\n\n\n<figure class=\"wp-block-image size-large\"><img loading=\"lazy\" decoding=\"async\" width=\"949\" height=\"481\" src=\"http:\/\/volvo4xx.hu\/wp-content\/uploads\/2021\/02\/futomuvek2.png\" alt=\"\" class=\"wp-image-813\" srcset=\"https:\/\/volvo4xx.hu\/wp-content\/uploads\/2021\/02\/futomuvek2.png 949w, https:\/\/volvo4xx.hu\/wp-content\/uploads\/2021\/02\/futomuvek2-300x152.png 300w, https:\/\/volvo4xx.hu\/wp-content\/uploads\/2021\/02\/futomuvek2-768x389.png 768w\" sizes=\"(max-width: 949px) 100vw, 949px\" \/><\/figure>\n\n\n\n<hr class=\"wp-block-separator has-css-opacity is-style-wide\"\/>\n\n\n\n<p class=\"has-text-align-center\"><em>A honlapon szerepl\u0151 anyagok, k\u00e9pek a \u201cVolvo Car Corporation\u201d \u00e9s a magyarorsz\u00e1gi Volvo tulajdonosok szellemi tulajdon\u00e1t k\u00e9pezik!<\/em><\/p>\n","protected":false},"excerpt":{"rendered":"<p>kialak\u00edt\u00e1sakor a tervez\u0151ket a biztons\u00e1g, tart\u00f3ss\u00e1g \u00e9s az alacsony karbantart\u00e1si id\u0151 vezette. A korai n\u00e9gyesek k\u00e9tf\u00e9le, k\u00e9tk\u00f6r\u00f6s sima \u00e9s szerv\u00f3s f\u00e9krendszerrel is k\u00e9sz\u00fcltek. A phase II-esek m\u00e1r blokkol\u00e1sg\u00e1tl\u00f3val (ABS) szereltek (11), a TRACS extrak\u00e9nt rendelhet\u0151 volt. A blokkol\u00e1sg\u00e1tl\u00f3val szerelt f\u0151f\u00e9khenger (2) vez\u00e9rli a n\u00e9gy ker\u00e9kn\u00e9l a t\u00e1rcsaf\u00e9kekkel szerelt, sima \u00e9s\/vagy h\u0171t\u00f6tt t\u00e1rcs\u00e1s f\u00e9keket (5-8). A [&hellip;]<\/p>\n","protected":false},"author":1,"featured_media":0,"parent":0,"menu_order":0,"comment_status":"closed","ping_status":"closed","template":"","meta":{"_exactmetrics_skip_tracking":false,"_exactmetrics_sitenote_active":false,"_exactmetrics_sitenote_note":"","_exactmetrics_sitenote_category":0,"footnotes":""},"_links":{"self":[{"href":"https:\/\/volvo4xx.hu\/index.php?rest_route=\/wp\/v2\/pages\/776"}],"collection":[{"href":"https:\/\/volvo4xx.hu\/index.php?rest_route=\/wp\/v2\/pages"}],"about":[{"href":"https:\/\/volvo4xx.hu\/index.php?rest_route=\/wp\/v2\/types\/page"}],"author":[{"embeddable":true,"href":"https:\/\/volvo4xx.hu\/index.php?rest_route=\/wp\/v2\/users\/1"}],"replies":[{"embeddable":true,"href":"https:\/\/volvo4xx.hu\/index.php?rest_route=%2Fwp%2Fv2%2Fcomments&post=776"}],"version-history":[{"count":20,"href":"https:\/\/volvo4xx.hu\/index.php?rest_route=\/wp\/v2\/pages\/776\/revisions"}],"predecessor-version":[{"id":2411,"href":"https:\/\/volvo4xx.hu\/index.php?rest_route=\/wp\/v2\/pages\/776\/revisions\/2411"}],"wp:attachment":[{"href":"https:\/\/volvo4xx.hu\/index.php?rest_route=%2Fwp%2Fv2%2Fmedia&parent=776"}],"curies":[{"name":"wp","href":"https:\/\/api.w.org\/{rel}","templated":true}]}}