{"id":712,"date":"2021-02-16T13:42:28","date_gmt":"2021-02-16T13:42:28","guid":{"rendered":"http:\/\/volvo4xx.hu\/?page_id=712"},"modified":"2022-10-21T08:41:52","modified_gmt":"2022-10-21T08:41:52","slug":"tipusok","status":"publish","type":"page","link":"https:\/\/volvo4xx.hu\/?page_id=712","title":{"rendered":"T\u00edpusok"},"content":{"rendered":"<div class=\"wp-block-image\">\n<figure class=\"alignleft size-large\"><img loading=\"lazy\" decoding=\"async\" width=\"354\" height=\"47\" src=\"http:\/\/volvo4xx.hu\/wp-content\/uploads\/2021\/02\/szgkocsi.jpg\" alt=\"\" class=\"wp-image-725\" srcset=\"https:\/\/volvo4xx.hu\/wp-content\/uploads\/2021\/02\/szgkocsi.jpg 354w, https:\/\/volvo4xx.hu\/wp-content\/uploads\/2021\/02\/szgkocsi-300x40.jpg 300w\" sizes=\"(max-width: 354px) 100vw, 354px\" \/><\/figure><\/div>\n\n\n<p> \u00fczlet\u00e1g &#8211; 1927-2001 k\u00f6z\u00f6tti id\u0151szak &#8211;  v\u00e9gterm\u00e9keinek bemutat\u00f3ja \u00e9rz\u00e9kelteti azt a formai gazdags\u00e1got, aminek k\u00f6z\u00e9ppontj\u00e1ban mindig az EMBER \u00e1llt, K\u00d6R\u00c9 \u00e9s \u00c9RTE tervezt\u00e9k az aut\u00f3t&#8230; A biztons\u00e1g, k\u00e9nyelem \u00e9s ergon\u00f3mia szinon\u00edm\u00e1ja az aut\u00f3iparban a VOLVO lett.<\/p>\n\n\n<div class=\"wp-block-image\">\n<figure class=\"aligncenter size-large is-resized\"><a href=\"http:\/\/volvo4xx.hu\/wp-content\/uploads\/2021\/02\/volvo_tipustortenelem.wmv\" target=\"_blank\" rel=\"http:\/\/volvo4xx.hu\/wp-content\/uploads\/2021\/02\/volvo_tipustortenelem.wmv noopener\"><img loading=\"lazy\" decoding=\"async\" src=\"http:\/\/volvo4xx.hu\/wp-content\/uploads\/2021\/02\/amazon.jpg\" alt=\"\" class=\"wp-image-713\" width=\"776\" height=\"544\" srcset=\"https:\/\/volvo4xx.hu\/wp-content\/uploads\/2021\/02\/amazon.jpg 640w, https:\/\/volvo4xx.hu\/wp-content\/uploads\/2021\/02\/amazon-300x210.jpg 300w\" sizes=\"(max-width: 776px) 100vw, 776px\" \/><\/a><figcaption>A k\u00e9pre kattintva a VOLVO t\u00edpusk\u00edn\u00e1lat\u00e1t bemutat\u00f3 diavet\u00edt\u00e9s let\u00f6lthet\u0151!<\/figcaption><\/figure><\/div>\n\n\n<figure class=\"wp-block-embed aligncenter is-type-video is-provider-youtube wp-block-embed-youtube wp-embed-aspect-16-9 wp-has-aspect-ratio\"><div class=\"wp-block-embed__wrapper\">\n<iframe loading=\"lazy\" title=\"Volvo t\u00f6rt\u00e9nelem: Ilyen elmer\u00fclni a g\u00f6teborgi Volvo Museumban\" width=\"640\" height=\"360\" src=\"https:\/\/www.youtube.com\/embed\/JFuAQX2Mh2o?feature=oembed\" frameborder=\"0\" allow=\"accelerometer; autoplay; clipboard-write; encrypted-media; gyroscope; picture-in-picture; web-share\" referrerpolicy=\"strict-origin-when-cross-origin\" allowfullscreen><\/iframe>\n<\/div><\/figure>\n\n\n\n<p>Ha a <a rel=\"noreferrer noopener\" href=\"http:\/\/volvo4xx.hu\/wp-content\/uploads\/2021\/02\/darabszam_2001_ig.pdf\" target=\"_blank\">t\u00edpusok k\u00f6z\u00f6tti darabsz\u00e1m megoszl\u00e1st<\/a> vizsg\u00e1ljuk 1927-2001 k\u00f6z\u00f6tt, az egyben megmutatja a t\u00edpusok n\u00e9pszer\u0171s\u00e9g\u00e9t is az adott id\u0151szakban. A legn\u00e9pszer\u0171bb egyes, kettes, hetes, kilences \u00e9s a 850-es mellett figyelemrem\u00e9lt\u00f3 a h\u00e1rmas t\u00edpus igencsak magas darabsz\u00e1ma (1 milli\u00f3 139 ezer!). A n\u00e9gyesekb\u0151l 690 279 k\u00e9sz\u00fclt Bornban; 1927-2001 k\u00f6z\u00f6tt \u00f6sszesen  12 015 510 VOLVO gurult le a gy\u00e1rt\u00f3sorokr\u00f3l  (Forr\u00e1s: Volvo Car Corporation)! <\/p>\n\n\n<div class=\"wp-block-image\">\n<figure class=\"aligncenter size-large is-resized\"><img loading=\"lazy\" decoding=\"async\" src=\"http:\/\/volvo4xx.hu\/wp-content\/uploads\/2021\/02\/480-Preview.png\" alt=\"\" class=\"wp-image-735\" width=\"841\" height=\"841\" srcset=\"https:\/\/volvo4xx.hu\/wp-content\/uploads\/2021\/02\/480-Preview.png 880w, https:\/\/volvo4xx.hu\/wp-content\/uploads\/2021\/02\/480-Preview-300x300.png 300w, https:\/\/volvo4xx.hu\/wp-content\/uploads\/2021\/02\/480-Preview-150x150.png 150w, https:\/\/volvo4xx.hu\/wp-content\/uploads\/2021\/02\/480-Preview-768x768.png 768w, https:\/\/volvo4xx.hu\/wp-content\/uploads\/2021\/02\/480-Preview-400x400.png 400w, https:\/\/volvo4xx.hu\/wp-content\/uploads\/2021\/02\/480-Preview-100x100.png 100w\" sizes=\"(max-width: 841px) 100vw, 841px\" \/><\/figure><\/div>\n\n\n<hr class=\"wp-block-separator has-css-opacity\"\/>\n\n\n\n<p>A VOLVO csoport \u00fczlet\u00e1gaiban a szem\u00e9lyg\u00e9pkocsi \u00fczlet\u00e1g \u00e9rt\u00e9k\u00e9ben elt\u00f6rp\u00fcl a teheraut\u00f3, neh\u00e9zvontat\u00f3, traktor, busz, v\u00edzij\u00e1rm\u0171vek, cs\u00f3nak- \u00e9s haj\u00f3motorok, rep\u00fcl\u0151k, hajt\u00f3m\u0171vek, \u0171rhaj\u00f3z\u00e1si alkatr\u00e9szek, erd\u0151kitermel\u00e9s, neh\u00e9zg\u00e9pek \u00e9s g\u00e9prendszereinek \u00fczlet\u00e1gai mellett. Glob\u00e1lisan ezek m\u00e1r sok-sok \u00e9vtizede stabilan az els\u0151k k\u00f6z\u00f6tt vannak (Forr\u00e1s: <a rel=\"noreferrer noopener\" href=\"https:\/\/hu.wikipedia.org\/wiki\/Volvo\" target=\"_blank\">Wikip\u00e9dia<\/a>).      <\/p>\n\n\n\n<figure class=\"wp-block-gallery has-nested-images columns-default is-cropped wp-block-gallery-1 is-layout-flex wp-block-gallery-is-layout-flex\">\n<figure class=\"wp-block-image size-large\"><img loading=\"lazy\" decoding=\"async\" width=\"122\" height=\"138\" data-id=\"754\" src=\"http:\/\/volvo4xx.hu\/wp-content\/uploads\/2021\/02\/volvo_fl.gif\" alt=\"\" class=\"wp-image-754\"\/><\/figure>\n\n\n\n<figure class=\"wp-block-image size-large\"><img loading=\"lazy\" decoding=\"async\" width=\"122\" height=\"138\" data-id=\"751\" src=\"http:\/\/volvo4xx.hu\/wp-content\/uploads\/2021\/02\/volvo_fe.gif\" alt=\"\" class=\"wp-image-751\"\/><\/figure>\n\n\n\n<figure class=\"wp-block-image size-large\"><img loading=\"lazy\" decoding=\"async\" width=\"122\" height=\"138\" data-id=\"755\" src=\"http:\/\/volvo4xx.hu\/wp-content\/uploads\/2021\/02\/volvo_fm.jpg\" alt=\"\" class=\"wp-image-755\"\/><\/figure>\n\n\n\n<figure class=\"wp-block-image size-large\"><img loading=\"lazy\" decoding=\"async\" width=\"122\" height=\"138\" data-id=\"752\" src=\"http:\/\/volvo4xx.hu\/wp-content\/uploads\/2021\/02\/volvo_fh.jpg\" alt=\"\" class=\"wp-image-752\"\/><\/figure>\n\n\n\n<figure class=\"wp-block-image size-large\"><img loading=\"lazy\" decoding=\"async\" width=\"122\" height=\"138\" data-id=\"753\" src=\"http:\/\/volvo4xx.hu\/wp-content\/uploads\/2021\/02\/volvo_fh16.jpg\" alt=\"\" class=\"wp-image-753\"\/><\/figure>\n\n\n\n<figure class=\"wp-block-image size-large\"><img loading=\"lazy\" decoding=\"async\" width=\"1024\" height=\"768\" data-id=\"756\" src=\"http:\/\/volvo4xx.hu\/wp-content\/uploads\/2021\/02\/volvo_nh12.jpg\" alt=\"\" class=\"wp-image-756\" srcset=\"https:\/\/volvo4xx.hu\/wp-content\/uploads\/2021\/02\/volvo_nh12.jpg 1024w, https:\/\/volvo4xx.hu\/wp-content\/uploads\/2021\/02\/volvo_nh12-300x225.jpg 300w, https:\/\/volvo4xx.hu\/wp-content\/uploads\/2021\/02\/volvo_nh12-768x576.jpg 768w\" sizes=\"(max-width: 1024px) 100vw, 1024px\" \/><\/figure>\n\n\n\n<figure class=\"wp-block-image size-large\"><img loading=\"lazy\" decoding=\"async\" width=\"122\" height=\"138\" data-id=\"765\" src=\"http:\/\/volvo4xx.hu\/wp-content\/uploads\/2021\/02\/volvo_vhd.gif\" alt=\"\" class=\"wp-image-765\"\/><\/figure>\n\n\n\n<figure class=\"wp-block-image size-large\"><img loading=\"lazy\" decoding=\"async\" width=\"122\" height=\"138\" data-id=\"766\" src=\"http:\/\/volvo4xx.hu\/wp-content\/uploads\/2021\/02\/volvo_vn.gif\" alt=\"\" class=\"wp-image-766\"\/><\/figure>\n\n\n\n<figure class=\"wp-block-image size-large\"><img loading=\"lazy\" decoding=\"async\" width=\"122\" height=\"138\" data-id=\"767\" src=\"http:\/\/volvo4xx.hu\/wp-content\/uploads\/2021\/02\/volvo_vt.gif\" alt=\"\" class=\"wp-image-767\"\/><\/figure>\n<\/figure>\n\n\n\n<figure class=\"wp-block-gallery aligncenter has-nested-images columns-default is-cropped wp-block-gallery-2 is-layout-flex wp-block-gallery-is-layout-flex\">\n<figure class=\"wp-block-image size-large\"><img loading=\"lazy\" decoding=\"async\" width=\"960\" height=\"574\" data-id=\"746\" src=\"http:\/\/volvo4xx.hu\/wp-content\/uploads\/2021\/02\/calgary_teliolimpia_Volvo.jpg\" alt=\"\" class=\"wp-image-746\" srcset=\"https:\/\/volvo4xx.hu\/wp-content\/uploads\/2021\/02\/calgary_teliolimpia_Volvo.jpg 960w, https:\/\/volvo4xx.hu\/wp-content\/uploads\/2021\/02\/calgary_teliolimpia_Volvo-300x179.jpg 300w, https:\/\/volvo4xx.hu\/wp-content\/uploads\/2021\/02\/calgary_teliolimpia_Volvo-768x459.jpg 768w\" sizes=\"(max-width: 960px) 100vw, 960px\" \/><\/figure>\n<\/figure>\n\n\n\n<hr class=\"wp-block-separator has-css-opacity\"\/>\n\n\n\n<p class=\"has-text-align-center\"><em>A honlapon szerepl\u0151 anyagok, k\u00e9pek a \u201cVolvo Car Corporation\u201d \u00e9s a magyarorsz\u00e1gi Volvo tulajdonosok szellemi tulajdon\u00e1t k\u00e9pezik!<\/em><\/p>\n","protected":false},"excerpt":{"rendered":"<p>\u00fczlet\u00e1g &#8211; 1927-2001 k\u00f6z\u00f6tti id\u0151szak &#8211; v\u00e9gterm\u00e9keinek bemutat\u00f3ja \u00e9rz\u00e9kelteti azt a formai gazdags\u00e1got, aminek k\u00f6z\u00e9ppontj\u00e1ban mindig az EMBER \u00e1llt, K\u00d6R\u00c9 \u00e9s \u00c9RTE tervezt\u00e9k az aut\u00f3t&#8230; A biztons\u00e1g, k\u00e9nyelem \u00e9s ergon\u00f3mia szinon\u00edm\u00e1ja az aut\u00f3iparban a VOLVO lett. Ha a t\u00edpusok k\u00f6z\u00f6tti darabsz\u00e1m megoszl\u00e1st vizsg\u00e1ljuk 1927-2001 k\u00f6z\u00f6tt, az egyben megmutatja a t\u00edpusok n\u00e9pszer\u0171s\u00e9g\u00e9t is az adott id\u0151szakban. [&hellip;]<\/p>\n","protected":false},"author":1,"featured_media":0,"parent":0,"menu_order":0,"comment_status":"closed","ping_status":"closed","template":"","meta":{"_exactmetrics_skip_tracking":false,"_exactmetrics_sitenote_active":false,"_exactmetrics_sitenote_note":"","_exactmetrics_sitenote_category":0,"footnotes":""},"_links":{"self":[{"href":"https:\/\/volvo4xx.hu\/index.php?rest_route=\/wp\/v2\/pages\/712"}],"collection":[{"href":"https:\/\/volvo4xx.hu\/index.php?rest_route=\/wp\/v2\/pages"}],"about":[{"href":"https:\/\/volvo4xx.hu\/index.php?rest_route=\/wp\/v2\/types\/page"}],"author":[{"embeddable":true,"href":"https:\/\/volvo4xx.hu\/index.php?rest_route=\/wp\/v2\/users\/1"}],"replies":[{"embeddable":true,"href":"https:\/\/volvo4xx.hu\/index.php?rest_route=%2Fwp%2Fv2%2Fcomments&post=712"}],"version-history":[{"count":30,"href":"https:\/\/volvo4xx.hu\/index.php?rest_route=\/wp\/v2\/pages\/712\/revisions"}],"predecessor-version":[{"id":1621,"href":"https:\/\/volvo4xx.hu\/index.php?rest_route=\/wp\/v2\/pages\/712\/revisions\/1621"}],"wp:attachment":[{"href":"https:\/\/volvo4xx.hu\/index.php?rest_route=%2Fwp%2Fv2%2Fmedia&parent=712"}],"curies":[{"name":"wp","href":"https:\/\/api.w.org\/{rel}","templated":true}]}}