{"id":56,"date":"2021-01-21T13:00:59","date_gmt":"2021-01-21T13:00:59","guid":{"rendered":"http:\/\/volvo4xx.hu\/?page_id=56"},"modified":"2024-07-28T17:14:12","modified_gmt":"2024-07-28T17:14:12","slug":"csinald-magad-diy","status":"publish","type":"page","link":"https:\/\/volvo4xx.hu\/?page_id=56","title":{"rendered":"Csin\u00e1ld magad! DIY"},"content":{"rendered":"<div class=\"wp-block-image\">\n<figure class=\"alignleft size-large\"><img loading=\"lazy\" decoding=\"async\" width=\"161\" height=\"48\" src=\"http:\/\/volvo4xx.hu\/wp-content\/uploads\/2021\/02\/NEGYESEK.jpg\" alt=\"\" class=\"wp-image-609\"\/><\/figure><\/div>\n\n\n<p>m\u00e1r nem egy \u00faj t\u00edpuscsal\u00e1d \u00e9s ez\u00e9rt (is) ig\u00e9nylik a rendszeres karbantart\u00e1st. A napi rendes haszn\u00e1lathoz sz\u00fcks\u00e9ges alapvet\u0151 karbantart\u00e1si \u00e9s kisebb szerel\u00e9si munk\u00e1k egy \u00e1tlagosan felszerelt h\u00e1zi m\u0171helyben elv\u00e9gezhet\u0151k. Csak az fogjon neki, akinek van aut\u00f3szerel\u00e9si tapasztalata, szerel\u0151akn\u00e1ja, l\u00e1tott m\u00e1r fut\u00f3m\u0171vet \u00e9s aut\u00f3t alulr\u00f3l, motorh\u00e1zat motorral \u00e9s an\u00e9lk\u00fcl! <strong>Ezen az oldalon felsorolt alapvet\u0151 \u00e9s kiss\u00e9 k\u00e9nyesebb szerel\u00e9seket mindenki csak saj\u00e1t felel\u0151ss\u00e9g\u00e9re v\u00e9gezze! FONTOS! F\u00e9krendszert, SRS rendszert, l\u00e9gzs\u00e1kos korm\u00e1nyt, az A oszlop alj\u00e1n rejt\u0151z\u0151 CEM-et nem buher\u00e1ljuk, ezeket hagyjuk a hozz\u00e1\u00e9rt\u0151knek! <\/strong>Summa summ\u00e1rum, legy\u00fcnk tiszt\u00e1ban &#8222;hobbiszerel\u0151i&#8221; hat\u00e1rainkkal, ink\u00e1bb egy ismer\u0151s szerel\u0151 seg\u00edtsen!  <\/p>\n\n\n\n<hr class=\"wp-block-separator has-css-opacity is-style-wide\"\/>\n\n\n<div class=\"wp-block-image\">\n<figure class=\"alignleft size-large\"><img loading=\"lazy\" decoding=\"async\" width=\"400\" height=\"279\" src=\"http:\/\/volvo4xx.hu\/wp-content\/uploads\/2021\/02\/480_eredet-400x279-1.jpg\" alt=\"\" class=\"wp-image-646\" srcset=\"https:\/\/volvo4xx.hu\/wp-content\/uploads\/2021\/02\/480_eredet-400x279-1.jpg 400w, https:\/\/volvo4xx.hu\/wp-content\/uploads\/2021\/02\/480_eredet-400x279-1-300x209.jpg 300w\" sizes=\"(max-width: 400px) 100vw, 400px\" \/><\/figure><\/div>\n\n\n<p>A n\u00e9gyesek ugyan sv\u00e9d aut\u00f3k DE! A VIN t\u00e1bl\u00e1juk szerint a fapapucsos hollandokn\u00e1l gy\u00e1rtott\u00e1k \u00e9s majd az eg\u00e9sz akkori Eur\u00f3pa hordta bele sz\u00e1molatlanul az alkatr\u00e9szeket. Csak n\u00e9h\u00e1ny besz\u00e1ll\u00edt\u00f3: Girling, Lucas, Valeo, ATE, Bosch, Renault, Hella, Dunlop, ja \u00e9s v\u00e9g\u00fcl, de nem utols\u00f3sorban ott a VOLVO is! A szerel\u00e9sekhez j\u00f3 seg\u00edts\u00e9get adnak a port\u00e1lra is felt\u00f6lt\u00f6tt eredeti &#8222;GreenBook&#8221; k\u00f6tetek. Az alapfog\u00e1sokat a &#8222;Haynes&#8221; k\u00f6nyv is el\u00e9gg\u00e9 j\u00f3l bemutatja. Szerel\u00e9sek el\u0151tt, alkatr\u00e9szek beszerz\u00e9sekor az els\u0151 \u00e9s legfontosabb az aut\u00f3 alapinf\u00f3inak megismer\u00e9se: gy\u00e1rt\u00e1si \u00e9v, alv\u00e1zsz\u00e1m, motorsz\u00e1m, terhelhet\u0151s\u00e9g, fest\u00e9k k\u00f3dja, \u00fcl\u00e9shuzatok sz\u00ednk\u00f3dja stb. Ezek nagyr\u00e9sz\u00e9t a <a rel=\"noreferrer noopener\" href=\"http:\/\/volvo4xx.hu\/wp-content\/uploads\/2021\/02\/vin.pps\" target=\"_blank\"><strong>VIN<\/strong> plakett tartalmazza<\/a>, fellel\u00e9si helye az aut\u00f3 eleje, a motorh\u00e1ztet\u0151 alatti z\u00e1r\u00f3h\u00edd bal oldala (480), illetve a baloldali f\u00e9nysz\u00f3r\u00f3h\u00e1z m\u00f6g\u00f6tt (440-460), a 480-asn\u00e1l a h\u0171t\u0151 el\u0151tti f\u00e9m \u00f6sszek\u00f6t\u0151 h\u00eddon. A f\u00e9mbe \u00fct\u00f6tt alv\u00e1zsz\u00e1mot a t\u0171zfal motort\u00e9r fel\u0151li fels\u0151 r\u00e9sz\u00e9n tal\u00e1ljuk. Seg\u00edt az aut\u00f3nk forgalmija is, ha k\u00e9zn\u00e9l van :-)!<\/p>\n\n\n<div class=\"wp-block-image\">\n<figure class=\"aligncenter size-large is-resized\"><a href=\"http:\/\/volvo4xx.hu\/wp-content\/uploads\/2021\/02\/vin.pps\"><img loading=\"lazy\" decoding=\"async\" src=\"http:\/\/volvo4xx.hu\/wp-content\/uploads\/2021\/02\/vin.png\" alt=\"\" class=\"wp-image-654\" width=\"665\" height=\"499\" srcset=\"https:\/\/volvo4xx.hu\/wp-content\/uploads\/2021\/02\/vin.png 720w, https:\/\/volvo4xx.hu\/wp-content\/uploads\/2021\/02\/vin-300x225.png 300w\" sizes=\"(max-width: 665px) 100vw, 665px\" \/><\/a><figcaption class=\"wp-element-caption\">Katt a k\u00e9pre, a let\u00f6lthet\u0151 ppt mindent megmagyar\u00e1z! <\/figcaption><\/figure><\/div>\n\n\n<hr class=\"wp-block-separator has-alpha-channel-opacity is-style-wide\"\/>\n\n\n\n<p>Napjainkra a leghasznosabb seg\u00edts\u00e9g a youtube-on fellelhet\u0151 szerel\u0151s vide\u00f3k az adott t\u00edpuscsal\u00e1dr\u00f3l! Egy Finnorsz\u00e1gban \u00e9l\u0151 magyar volv\u00f3snak, Pistinek h\u00e1la, k\u00e9sz\u00fclt t\u00f6bb ilyen, 440-es szerel\u00e9s\u00e9r\u0151l sz\u00f3l\u00f3 kisfilm, ezek ker\u00fclnek itt megoszt\u00e1sra. <strong><em>Figyelem! Mindenki lehet\u0151s\u00e9gei figyelembev\u00e9tel\u00e9vel fogjon csak neki bizonyos szerel\u00e9si munk\u00e1knak! <\/em><\/strong><\/p>\n\n\n\n<hr class=\"wp-block-separator has-alpha-channel-opacity is-style-wide\"\/>\n\n\n\n<p><strong>I. VOLVO 440 bemutat\u00f3, haszn\u00e1lt teszt<\/strong><\/p>\n\n\n\n<figure class=\"wp-block-embed aligncenter is-type-video is-provider-youtube wp-block-embed-youtube wp-embed-aspect-16-9 wp-has-aspect-ratio\"><div class=\"wp-block-embed__wrapper\">\n<iframe loading=\"lazy\" title=\"Volvo 440 bemutat\u00f3, haszn\u00e1lt teszt\" width=\"640\" height=\"360\" src=\"https:\/\/www.youtube.com\/embed\/79jBIq6Cjlo?feature=oembed\" frameborder=\"0\" allow=\"accelerometer; autoplay; clipboard-write; encrypted-media; gyroscope; picture-in-picture; web-share\" referrerpolicy=\"strict-origin-when-cross-origin\" allowfullscreen><\/iframe>\n<\/div><\/figure>\n\n\n\n<hr class=\"wp-block-separator has-alpha-channel-opacity is-style-wide\"\/>\n\n\n\n<p><strong>II. VOLVO 440, 460, 480 motor probl\u00e9m\u00e1k \u00e9s megold\u00e1sok<\/strong><\/p>\n\n\n\n<figure class=\"wp-block-embed aligncenter is-type-video is-provider-youtube wp-block-embed-youtube wp-embed-aspect-16-9 wp-has-aspect-ratio\"><div class=\"wp-block-embed__wrapper\">\n<iframe loading=\"lazy\" title=\"VOLVO 440, 460, 480 motor probl\u00e9m\u00e1k \u00e9s megold\u00e1sok\" width=\"640\" height=\"360\" src=\"https:\/\/www.youtube.com\/embed\/6Vvxjbvox8s?feature=oembed\" frameborder=\"0\" allow=\"accelerometer; autoplay; clipboard-write; encrypted-media; gyroscope; picture-in-picture; web-share\" referrerpolicy=\"strict-origin-when-cross-origin\" allowfullscreen><\/iframe>\n<\/div><\/figure>\n\n\n\n<hr class=\"wp-block-separator has-alpha-channel-opacity is-style-wide\"\/>\n\n\n\n<p><strong>III. Vez\u00e9rl\u00e9scsere<\/strong><\/p>\n\n\n\n<figure class=\"wp-block-embed aligncenter is-type-video is-provider-youtube wp-block-embed-youtube wp-embed-aspect-16-9 wp-has-aspect-ratio\"><div class=\"wp-block-embed__wrapper\">\n<iframe loading=\"lazy\" title=\"Vez\u00e9rl\u00e9scsere Volvo 440\" width=\"640\" height=\"360\" src=\"https:\/\/www.youtube.com\/embed\/Yz0pXCsUGJk?feature=oembed\" frameborder=\"0\" allow=\"accelerometer; autoplay; clipboard-write; encrypted-media; gyroscope; picture-in-picture; web-share\" referrerpolicy=\"strict-origin-when-cross-origin\" allowfullscreen><\/iframe>\n<\/div><\/figure>\n\n\n\n<hr class=\"wp-block-separator has-alpha-channel-opacity is-style-wide\"\/>\n\n\n\n<p><strong>IV. Cs\u00faszik az \u00e9ksz\u00edj<\/strong><\/p>\n\n\n\n<figure class=\"wp-block-embed aligncenter is-type-video is-provider-youtube wp-block-embed-youtube wp-embed-aspect-16-9 wp-has-aspect-ratio\"><div class=\"wp-block-embed__wrapper\">\n<iframe loading=\"lazy\" title=\"Cs\u00faszik az \u00e9ksz\u00edj\" width=\"640\" height=\"360\" src=\"https:\/\/www.youtube.com\/embed\/FlqiQCCH1eo?feature=oembed\" frameborder=\"0\" allow=\"accelerometer; autoplay; clipboard-write; encrypted-media; gyroscope; picture-in-picture; web-share\" referrerpolicy=\"strict-origin-when-cross-origin\" allowfullscreen><\/iframe>\n<\/div><\/figure>\n\n\n\n<hr class=\"wp-block-separator has-alpha-channel-opacity is-style-wide\"\/>\n\n\n\n<p><strong>V. Motormos\u00e1s<\/strong><\/p>\n\n\n\n<figure class=\"wp-block-embed aligncenter is-type-video is-provider-youtube wp-block-embed-youtube wp-embed-aspect-16-9 wp-has-aspect-ratio\"><div class=\"wp-block-embed__wrapper\">\n<iframe loading=\"lazy\" title=\"Motormos\u00e1s\" width=\"640\" height=\"360\" src=\"https:\/\/www.youtube.com\/embed\/3PkXBS9rW2w?feature=oembed\" frameborder=\"0\" allow=\"accelerometer; autoplay; clipboard-write; encrypted-media; gyroscope; picture-in-picture; web-share\" referrerpolicy=\"strict-origin-when-cross-origin\" allowfullscreen><\/iframe>\n<\/div><\/figure>\n\n\n\n<hr class=\"wp-block-separator has-alpha-channel-opacity is-style-wide\"\/>\n\n\n\n<p><strong>VI. \u00d6nind\u00edt\u00f3 tiszt\u00edt\u00e1s, sz\u00e9nkefe csere<\/strong><\/p>\n\n\n\n<figure class=\"wp-block-embed aligncenter is-type-video is-provider-youtube wp-block-embed-youtube wp-embed-aspect-16-9 wp-has-aspect-ratio\"><div class=\"wp-block-embed__wrapper\">\n<iframe loading=\"lazy\" title=\"\u00d6nind\u00edt\u00f3 tiszt\u00edt\u00e1s, sz\u00e9nkefe csere\" width=\"640\" height=\"360\" src=\"https:\/\/www.youtube.com\/embed\/_9CVRVmGZ6Q?feature=oembed\" frameborder=\"0\" allow=\"accelerometer; autoplay; clipboard-write; encrypted-media; gyroscope; picture-in-picture; web-share\" referrerpolicy=\"strict-origin-when-cross-origin\" allowfullscreen><\/iframe>\n<\/div><\/figure>\n\n\n\n<hr class=\"wp-block-separator has-css-opacity is-style-wide\"\/>\n\n\n\n<p><strong>VII. Gyujt\u00f3k\u00e1bel csere<\/strong><\/p>\n\n\n\n<figure class=\"wp-block-embed aligncenter is-type-video is-provider-youtube wp-block-embed-youtube wp-embed-aspect-16-9 wp-has-aspect-ratio\"><div class=\"wp-block-embed__wrapper\">\n<iframe loading=\"lazy\" title=\"GY\u00daJT\u00d3K\u00c1BEL - CSERE\" width=\"640\" height=\"360\" src=\"https:\/\/www.youtube.com\/embed\/iB94VtudJCU?feature=oembed\" frameborder=\"0\" allow=\"accelerometer; autoplay; clipboard-write; encrypted-media; gyroscope; picture-in-picture; web-share\" referrerpolicy=\"strict-origin-when-cross-origin\" allowfullscreen><\/iframe>\n<\/div><\/figure>\n\n\n\n<hr class=\"wp-block-separator has-alpha-channel-opacity is-style-wide\"\/>\n\n\n\n<p><strong>VIII. F\u0171t\u0151radi\u00e1tor csere<\/strong><\/p>\n\n\n\n<figure class=\"wp-block-embed aligncenter is-type-video is-provider-youtube wp-block-embed-youtube wp-embed-aspect-16-9 wp-has-aspect-ratio\"><div class=\"wp-block-embed__wrapper\">\n<iframe loading=\"lazy\" title=\"Elpukkant a f\u0171t\u0151radi\u00e1tor\" width=\"640\" height=\"360\" src=\"https:\/\/www.youtube.com\/embed\/2R7qecm6g9Q?feature=oembed\" frameborder=\"0\" allow=\"accelerometer; autoplay; clipboard-write; encrypted-media; gyroscope; picture-in-picture; web-share\" referrerpolicy=\"strict-origin-when-cross-origin\" allowfullscreen><\/iframe>\n<\/div><\/figure>\n\n\n\n<hr class=\"wp-block-separator has-alpha-channel-opacity is-style-wide\"\/>\n\n\n\n<p><strong>IX. V\u00e1lt\u00f3olaj, amit mindenki elfelejt<\/strong><\/p>\n\n\n\n<figure class=\"wp-block-embed aligncenter is-type-video is-provider-youtube wp-block-embed-youtube wp-embed-aspect-16-9 wp-has-aspect-ratio\"><div class=\"wp-block-embed__wrapper\">\n<iframe loading=\"lazy\" title=\"V\u00e1lt\u00f3olaj, amit mindenki elfelejt\" width=\"640\" height=\"360\" src=\"https:\/\/www.youtube.com\/embed\/69l6iYRBDzI?feature=oembed\" frameborder=\"0\" allow=\"accelerometer; autoplay; clipboard-write; encrypted-media; gyroscope; picture-in-picture; web-share\" referrerpolicy=\"strict-origin-when-cross-origin\" allowfullscreen><\/iframe>\n<\/div><\/figure>\n\n\n\n<hr class=\"wp-block-separator has-alpha-channel-opacity is-style-wide\"\/>\n\n\n\n<p><strong>X. H\u0171t\u0151folyad\u00e9kcsere<\/strong><\/p>\n\n\n\n<figure class=\"wp-block-embed aligncenter is-type-video is-provider-youtube wp-block-embed-youtube wp-embed-aspect-16-9 wp-has-aspect-ratio\"><div class=\"wp-block-embed__wrapper\">\n<iframe loading=\"lazy\" title=\"H\u0171t\u0151folyad\u00e9kcsere\" width=\"640\" height=\"360\" src=\"https:\/\/www.youtube.com\/embed\/AJbypu1ab88?feature=oembed\" frameborder=\"0\" allow=\"accelerometer; autoplay; clipboard-write; encrypted-media; gyroscope; picture-in-picture; web-share\" referrerpolicy=\"strict-origin-when-cross-origin\" allowfullscreen><\/iframe>\n<\/div><\/figure>\n\n\n\n<hr class=\"wp-block-separator has-alpha-channel-opacity is-style-wide\"\/>\n\n\n\n<p><strong>XI. Hibakeres\u00e9s m\u0171szaki el\u0151tt<\/strong><\/p>\n\n\n\n<figure class=\"wp-block-embed aligncenter is-type-video is-provider-youtube wp-block-embed-youtube wp-embed-aspect-16-9 wp-has-aspect-ratio\"><div class=\"wp-block-embed__wrapper\">\n<iframe loading=\"lazy\" title=\"Hibakeres\u00e9s m\u0171szaki vizsga el\u0151tt\" width=\"640\" height=\"360\" src=\"https:\/\/www.youtube.com\/embed\/H3Bx16ri0Gs?feature=oembed\" frameborder=\"0\" allow=\"accelerometer; autoplay; clipboard-write; encrypted-media; gyroscope; picture-in-picture; web-share\" referrerpolicy=\"strict-origin-when-cross-origin\" allowfullscreen><\/iframe>\n<\/div><\/figure>\n\n\n\n<hr class=\"wp-block-separator has-alpha-channel-opacity is-style-wide\"\/>\n\n\n\n<p><strong>XII. H\u00e1ts\u00f3 leng\u00e9scsillap\u00edt\u00f3 csere<\/strong><\/p>\n\n\n\n<figure class=\"wp-block-embed aligncenter is-type-video is-provider-youtube wp-block-embed-youtube wp-embed-aspect-16-9 wp-has-aspect-ratio\"><div class=\"wp-block-embed__wrapper\">\n<iframe loading=\"lazy\" title=\"Leng\u00e9scsillap\u00edt\u00f3-csere\" width=\"640\" height=\"360\" src=\"https:\/\/www.youtube.com\/embed\/7COkgamYwq8?feature=oembed\" frameborder=\"0\" allow=\"accelerometer; autoplay; clipboard-write; encrypted-media; gyroscope; picture-in-picture; web-share\" referrerpolicy=\"strict-origin-when-cross-origin\" allowfullscreen><\/iframe>\n<\/div><\/figure>\n\n\n\n<hr class=\"wp-block-separator has-alpha-channel-opacity is-style-wide\"\/>\n\n\n\n<p><strong>XIII. Dobf\u00e9k fel\u00faj\u00edt\u00e1s<\/strong><\/p>\n\n\n\n<figure class=\"wp-block-embed aligncenter is-type-video is-provider-youtube wp-block-embed-youtube wp-embed-aspect-16-9 wp-has-aspect-ratio\"><div class=\"wp-block-embed__wrapper\">\n<iframe loading=\"lazy\" title=\"Dobf\u00e9k fel\u00faj\u00edt\u00e1sa\" width=\"640\" height=\"360\" src=\"https:\/\/www.youtube.com\/embed\/jf-QUHPS6YU?feature=oembed\" frameborder=\"0\" allow=\"accelerometer; autoplay; clipboard-write; encrypted-media; gyroscope; picture-in-picture; web-share\" referrerpolicy=\"strict-origin-when-cross-origin\" allowfullscreen><\/iframe>\n<\/div><\/figure>\n\n\n\n<hr class=\"wp-block-separator has-alpha-channel-opacity is-style-wide\"\/>\n\n\n\n<p><strong>XIV. Olajfoly\u00e1s<\/strong><\/p>\n\n\n\n<figure class=\"wp-block-embed aligncenter is-type-video is-provider-youtube wp-block-embed-youtube wp-embed-aspect-16-9 wp-has-aspect-ratio\"><div class=\"wp-block-embed__wrapper\">\n<iframe loading=\"lazy\" title=\"Folyik a kocsib\u00f3l az olaj\" width=\"640\" height=\"360\" src=\"https:\/\/www.youtube.com\/embed\/FUwFjlyCfu4?feature=oembed\" frameborder=\"0\" allow=\"accelerometer; autoplay; clipboard-write; encrypted-media; gyroscope; picture-in-picture; web-share\" referrerpolicy=\"strict-origin-when-cross-origin\" allowfullscreen><\/iframe>\n<\/div><\/figure>\n\n\n\n<hr class=\"wp-block-separator has-alpha-channel-opacity is-style-wide\"\/>\n\n\n\n<p><strong>XV. Lambdaszonda csere<\/strong><\/p>\n\n\n\n<figure class=\"wp-block-embed aligncenter is-type-video is-provider-youtube wp-block-embed-youtube wp-embed-aspect-16-9 wp-has-aspect-ratio\"><div class=\"wp-block-embed__wrapper\">\n<iframe loading=\"lazy\" title=\"Lambda szonda cser\u00e9je\" width=\"640\" height=\"360\" src=\"https:\/\/www.youtube.com\/embed\/AdAbMuH47aA?feature=oembed\" frameborder=\"0\" allow=\"accelerometer; autoplay; clipboard-write; encrypted-media; gyroscope; picture-in-picture; web-share\" referrerpolicy=\"strict-origin-when-cross-origin\" allowfullscreen><\/iframe>\n<\/div><\/figure>\n\n\n\n<hr class=\"wp-block-separator has-alpha-channel-opacity is-style-wide\"\/>\n\n\n\n<p><strong>XVI. Motorbont\u00e1s<\/strong><\/p>\n\n\n\n<figure class=\"wp-block-embed aligncenter is-type-video is-provider-youtube wp-block-embed-youtube wp-embed-aspect-16-9 wp-has-aspect-ratio\"><div class=\"wp-block-embed__wrapper\">\n<iframe loading=\"lazy\" title=\"Motorbont\u00e1s\" width=\"640\" height=\"360\" src=\"https:\/\/www.youtube.com\/embed\/e9x53dwYryQ?feature=oembed\" frameborder=\"0\" allow=\"accelerometer; autoplay; clipboard-write; encrypted-media; gyroscope; picture-in-picture; web-share\" referrerpolicy=\"strict-origin-when-cross-origin\" allowfullscreen><\/iframe>\n<\/div><\/figure>\n\n\n\n<hr class=\"wp-block-separator has-alpha-channel-opacity is-style-wide\"\/>\n\n\n\n<p><strong>XVII. F\u00e9kfolyad\u00e9k csere, l\u00e9gtelen\u00edt\u00e9s<\/strong><\/p>\n\n\n\n<figure class=\"wp-block-embed aligncenter is-type-video is-provider-youtube wp-block-embed-youtube wp-embed-aspect-16-9 wp-has-aspect-ratio\"><div class=\"wp-block-embed__wrapper\">\n<iframe loading=\"lazy\" title=\"F\u00e9kfolyad\u00e9k csere \u00e9s l\u00e9gtelen\u00edt\u00e9s\" width=\"640\" height=\"360\" src=\"https:\/\/www.youtube.com\/embed\/T7SX9P8vWm0?feature=oembed\" frameborder=\"0\" allow=\"accelerometer; autoplay; clipboard-write; encrypted-media; gyroscope; picture-in-picture; web-share\" referrerpolicy=\"strict-origin-when-cross-origin\" allowfullscreen><\/iframe>\n<\/div><\/figure>\n\n\n\n<hr class=\"wp-block-separator has-alpha-channel-opacity is-style-wide\"\/>\n\n\n\n<p class=\"has-text-align-center\"><em>A honlapon szerepl\u0151 anyagok, k\u00e9pek a \u201cVolvo Car Corporation\u201d \u00e9s a magyarorsz\u00e1gi Volvo tulajdonosok szellemi tulajdon\u00e1t k\u00e9pezik!<\/em><\/p>\n\n\n\n<p>    <\/p>\n","protected":false},"excerpt":{"rendered":"<p>m\u00e1r nem egy \u00faj t\u00edpuscsal\u00e1d \u00e9s ez\u00e9rt (is) ig\u00e9nylik a rendszeres karbantart\u00e1st. A napi rendes haszn\u00e1lathoz sz\u00fcks\u00e9ges alapvet\u0151 karbantart\u00e1si \u00e9s kisebb szerel\u00e9si munk\u00e1k egy \u00e1tlagosan felszerelt h\u00e1zi m\u0171helyben elv\u00e9gezhet\u0151k. Csak az fogjon neki, akinek van aut\u00f3szerel\u00e9si tapasztalata, szerel\u0151akn\u00e1ja, l\u00e1tott m\u00e1r fut\u00f3m\u0171vet \u00e9s aut\u00f3t alulr\u00f3l, motorh\u00e1zat motorral \u00e9s an\u00e9lk\u00fcl! Ezen az oldalon felsorolt alapvet\u0151 \u00e9s kiss\u00e9 [&hellip;]<\/p>\n","protected":false},"author":1,"featured_media":0,"parent":0,"menu_order":0,"comment_status":"closed","ping_status":"closed","template":"","meta":{"_exactmetrics_skip_tracking":false,"_exactmetrics_sitenote_active":false,"_exactmetrics_sitenote_note":"","_exactmetrics_sitenote_category":0,"footnotes":""},"_links":{"self":[{"href":"https:\/\/volvo4xx.hu\/index.php?rest_route=\/wp\/v2\/pages\/56"}],"collection":[{"href":"https:\/\/volvo4xx.hu\/index.php?rest_route=\/wp\/v2\/pages"}],"about":[{"href":"https:\/\/volvo4xx.hu\/index.php?rest_route=\/wp\/v2\/types\/page"}],"author":[{"embeddable":true,"href":"https:\/\/volvo4xx.hu\/index.php?rest_route=\/wp\/v2\/users\/1"}],"replies":[{"embeddable":true,"href":"https:\/\/volvo4xx.hu\/index.php?rest_route=%2Fwp%2Fv2%2Fcomments&post=56"}],"version-history":[{"count":29,"href":"https:\/\/volvo4xx.hu\/index.php?rest_route=\/wp\/v2\/pages\/56\/revisions"}],"predecessor-version":[{"id":1722,"href":"https:\/\/volvo4xx.hu\/index.php?rest_route=\/wp\/v2\/pages\/56\/revisions\/1722"}],"wp:attachment":[{"href":"https:\/\/volvo4xx.hu\/index.php?rest_route=%2Fwp%2Fv2%2Fmedia&parent=56"}],"curies":[{"name":"wp","href":"https:\/\/api.w.org\/{rel}","templated":true}]}}