{"id":52,"date":"2021-01-21T12:59:52","date_gmt":"2021-01-21T12:59:52","guid":{"rendered":"http:\/\/volvo4xx.hu\/?page_id=52"},"modified":"2023-11-28T08:06:38","modified_gmt":"2023-11-28T08:06:38","slug":"szervizkonyvek","status":"publish","type":"page","link":"https:\/\/volvo4xx.hu\/?page_id=52","title":{"rendered":"Szerv\u00edzk\u00f6nyvek"},"content":{"rendered":"\n<figure class=\"wp-block-image size-large\"><img loading=\"lazy\" decoding=\"async\" width=\"345\" height=\"46\" src=\"http:\/\/volvo4xx.hu\/wp-content\/uploads\/2021\/02\/alkatreszkatalogusok.jpg\" alt=\"\" class=\"wp-image-552\" srcset=\"https:\/\/volvo4xx.hu\/wp-content\/uploads\/2021\/02\/alkatreszkatalogusok.jpg 345w, https:\/\/volvo4xx.hu\/wp-content\/uploads\/2021\/02\/alkatreszkatalogusok-300x40.jpg 300w\" sizes=\"(max-width: 345px) 100vw, 345px\" \/><\/figure>\n\n\n\n<ul>\n<li><strong><a href=\"http:\/\/volvo4xx.hu\/wp-content\/uploads\/2021\/01\/SKANDIX_Catalog_Volvo_400.pdf\">SCANDIX VOLVO 400<\/a><\/strong><\/li>\n\n\n\n<li><a href=\"http:\/\/volvo4xx.hu\/wp-content\/uploads\/2021\/01\/Scan_Tech_1989-97.pdf\" data-type=\"URL\" data-id=\"http:\/\/volvo4xx.hu\/wp-content\/uploads\/2021\/01\/Scan_Tech_1989-97.pdf\"><strong>Scan-Tech<\/strong> <strong>440-460-480<\/strong><\/a><\/li>\n\n\n\n<li><a href=\"http:\/\/volvo4xx.hu\/wp-content\/uploads\/2021\/02\/Revue_technique_440_460_480.pdf\" target=\"_blank\" rel=\"noreferrer noopener\"><strong>Revue Technique-Volvo 440-460-480 Essence<\/strong><\/a><\/li>\n<\/ul>\n\n\n\n<figure class=\"wp-block-image size-large\"><img loading=\"lazy\" decoding=\"async\" width=\"131\" height=\"43\" src=\"http:\/\/volvo4xx.hu\/wp-content\/uploads\/2021\/02\/motorok.jpg\" alt=\"\" class=\"wp-image-554\"\/><\/figure>\n\n\n\n<ul>\n<li><a href=\"http:\/\/volvo4xx.hu\/wp-content\/uploads\/2021\/01\/Motor_B18E_480.pdf\"><strong>B18E<\/strong><\/a><\/li>\n\n\n\n<li><strong><a href=\"http:\/\/volvo4xx.hu\/wp-content\/uploads\/2021\/01\/Motor_B18EF.pdf\">B18EF<\/a><\/strong><\/li>\n\n\n\n<li><strong><a href=\"http:\/\/volvo4xx.hu\/wp-content\/uploads\/2021\/01\/Motor_B18KP.pdf\">B18KP<\/a><\/strong><\/li>\n\n\n\n<li><strong><a href=\"http:\/\/volvo4xx.hu\/wp-content\/uploads\/2021\/01\/Motor_D19T.pdf\">D19T<\/a><\/strong><\/li>\n\n\n\n<li><a href=\"http:\/\/volvo4xx.hu\/wp-content\/uploads\/2021\/01\/KONSTUKTION_FUNKTION.pdf\" data-type=\"URL\" data-id=\"http:\/\/volvo4xx.hu\/wp-content\/uploads\/2021\/01\/KONSTUKTION_FUNKTION.pdf\"><strong>B20U\/F<\/strong><\/a> \u00e9s az \u00f6sszes t\u00f6bbi motorv\u00e1ltozat<\/li>\n<\/ul>\n\n\n\n<figure class=\"wp-block-image size-large\"><img loading=\"lazy\" decoding=\"async\" width=\"234\" height=\"46\" src=\"http:\/\/volvo4xx.hu\/wp-content\/uploads\/2021\/02\/sebessegvaltok.jpg\" alt=\"\" class=\"wp-image-557\"\/><\/figure>\n\n\n\n<ul>\n<li><strong><a href=\"http:\/\/volvo4xx.hu\/wp-content\/uploads\/2021\/01\/Manualis_valto.pdf\">Manu\u00e1lis v\u00e1lt\u00f3k<\/a><\/strong><\/li>\n\n\n\n<li><strong><a href=\"http:\/\/volvo4xx.hu\/wp-content\/uploads\/2021\/01\/Aut_valto_ZF4.pdf\">ZF 4 HP14Q<\/a> <\/strong>automata v\u00e1lt\u00f3<\/li>\n\n\n\n<li><strong><a href=\"http:\/\/volvo4xx.hu\/wp-content\/uploads\/2021\/01\/Aut_valto_CVT.pdf\">CVT<\/a> <\/strong>automata v\u00e1lt\u00f3<\/li>\n\n\n\n<li><strong><a href=\"http:\/\/volvo4xx.hu\/wp-content\/uploads\/2021\/01\/Valtoszereles_440_480.pdf\">A sebess\u00e9gv\u00e1lt\u00f3 szerel\u00e9se<\/a><\/strong><\/li>\n<\/ul>\n\n\n\n<figure class=\"wp-block-image size-large\"><img loading=\"lazy\" decoding=\"async\" width=\"318\" height=\"50\" src=\"http:\/\/volvo4xx.hu\/wp-content\/uploads\/2021\/02\/fek_abs.jpg\" alt=\"\" class=\"wp-image-559\" srcset=\"https:\/\/volvo4xx.hu\/wp-content\/uploads\/2021\/02\/fek_abs.jpg 318w, https:\/\/volvo4xx.hu\/wp-content\/uploads\/2021\/02\/fek_abs-300x47.jpg 300w\" sizes=\"(max-width: 318px) 100vw, 318px\" \/><\/figure>\n\n\n\n<ul>\n<li><strong><a href=\"http:\/\/volvo4xx.hu\/wp-content\/uploads\/2021\/01\/Fekek.pdf\">F\u00e9krendszer<\/a><\/strong><\/li>\n\n\n\n<li><strong><a href=\"http:\/\/volvo4xx.hu\/wp-content\/uploads\/2021\/01\/MARK_IV_ABS.pdf\">MARK IV ABS<\/a> <\/strong>f\u00e9krendszer<\/li>\n\n\n\n<li><strong><a href=\"http:\/\/volvo4xx.hu\/wp-content\/uploads\/2021\/01\/Cruise_controll.pdf\">Tempomat<\/a><\/strong><\/li>\n\n\n\n<li><strong><a href=\"http:\/\/volvo4xx.hu\/wp-content\/uploads\/2021\/01\/Airconditioning_1988.pdf\">L\u00e9gkondicion\u00e1l\u00f3 rendszer<\/a><\/strong><\/li>\n<\/ul>\n\n\n\n<figure class=\"wp-block-image size-large\"><img loading=\"lazy\" decoding=\"async\" width=\"180\" height=\"45\" src=\"http:\/\/volvo4xx.hu\/wp-content\/uploads\/2021\/02\/karosszeria.jpg\" alt=\"\" class=\"wp-image-561\"\/><\/figure>\n\n\n\n<ul>\n<li><strong><a href=\"http:\/\/volvo4xx.hu\/wp-content\/uploads\/2021\/01\/460_Kasztni.pdf\">Karossz\u00e9ria<\/a><\/strong> (460)<\/li>\n\n\n\n<li><strong><a href=\"http:\/\/volvo4xx.hu\/wp-content\/uploads\/2021\/01\/440_460_utaster.pdf\">Karossz\u00e9ria utast\u00e9r<\/a><\/strong> (440-460)<\/li>\n\n\n\n<li><strong><a href=\"http:\/\/volvo4xx.hu\/wp-content\/uploads\/2021\/01\/480_kasztni.pdf\">Karossz\u00e9ria, utast\u00e9r<\/a><\/strong> (480)<\/li>\n<\/ul>\n\n\n\n<figure class=\"wp-block-image size-large\"><img loading=\"lazy\" decoding=\"async\" width=\"338\" height=\"43\" src=\"http:\/\/volvo4xx.hu\/wp-content\/uploads\/2021\/02\/elektr_rendszerek.jpg\" alt=\"\" class=\"wp-image-564\" srcset=\"https:\/\/volvo4xx.hu\/wp-content\/uploads\/2021\/02\/elektr_rendszerek.jpg 338w, https:\/\/volvo4xx.hu\/wp-content\/uploads\/2021\/02\/elektr_rendszerek-300x38.jpg 300w\" sizes=\"(max-width: 338px) 100vw, 338px\" \/><\/figure>\n\n\n\n<ul>\n<li><strong><a href=\"http:\/\/volvo4xx.hu\/wp-content\/uploads\/2021\/01\/Electrical_wiring_480.pdf\">Elektromos bek\u00f6t\u00e9s<\/a> <\/strong>(480)<\/li>\n\n\n\n<li><strong><a href=\"http:\/\/volvo4xx.hu\/wp-content\/uploads\/2021\/01\/El_rendszer_440.pdf\">Elektromos rendszer<\/a> <\/strong>(440)<\/li>\n\n\n\n<li><strong><a href=\"http:\/\/volvo4xx.hu\/wp-content\/uploads\/2021\/01\/El_rendszer_440_460.pdf\">Elektromos rendszer<\/a> <\/strong>(440-460)<\/li>\n\n\n\n<li><strong><a href=\"http:\/\/volvo4xx.hu\/wp-content\/uploads\/2021\/01\/El_rendszer_480_CEM_IC.pdf\">Elektromos rendszer ECU, IC<\/a> <\/strong>(480)<\/li>\n\n\n\n<li><strong><a href=\"http:\/\/volvo4xx.hu\/wp-content\/uploads\/2021\/01\/Generator_onindito.pdf\">Gener\u00e1tor, \u00f6nind\u00edt\u00f3<\/a><\/strong><\/li>\n<\/ul>\n\n\n<hr>\n<p style=\"text-align: center;\"><em>A honlapon szerepl\u0151 anyagok, k\u00e9pek a \u201cVolvo Car Corporation\u201d \u00e9s a magyarorsz\u00e1gi Volvo tulajdonosok szellemi tulajdon\u00e1t k\u00e9pezik!<\/em><\/p>","protected":false},"excerpt":{"rendered":"<p>A honlapon szerepl\u0151 anyagok, k\u00e9pek a \u201cVolvo Car Corporation\u201d \u00e9s a magyarorsz\u00e1gi Volvo tulajdonosok szellemi tulajdon\u00e1t k\u00e9pezik!<\/p>\n","protected":false},"author":1,"featured_media":0,"parent":0,"menu_order":0,"comment_status":"closed","ping_status":"closed","template":"","meta":{"_exactmetrics_skip_tracking":false,"_exactmetrics_sitenote_active":false,"_exactmetrics_sitenote_note":"","_exactmetrics_sitenote_category":0,"footnotes":""},"_links":{"self":[{"href":"https:\/\/volvo4xx.hu\/index.php?rest_route=\/wp\/v2\/pages\/52"}],"collection":[{"href":"https:\/\/volvo4xx.hu\/index.php?rest_route=\/wp\/v2\/pages"}],"about":[{"href":"https:\/\/volvo4xx.hu\/index.php?rest_route=\/wp\/v2\/types\/page"}],"author":[{"embeddable":true,"href":"https:\/\/volvo4xx.hu\/index.php?rest_route=\/wp\/v2\/users\/1"}],"replies":[{"embeddable":true,"href":"https:\/\/volvo4xx.hu\/index.php?rest_route=%2Fwp%2Fv2%2Fcomments&post=52"}],"version-history":[{"count":28,"href":"https:\/\/volvo4xx.hu\/index.php?rest_route=\/wp\/v2\/pages\/52\/revisions"}],"predecessor-version":[{"id":1674,"href":"https:\/\/volvo4xx.hu\/index.php?rest_route=\/wp\/v2\/pages\/52\/revisions\/1674"}],"wp:attachment":[{"href":"https:\/\/volvo4xx.hu\/index.php?rest_route=%2Fwp%2Fv2%2Fmedia&parent=52"}],"curies":[{"name":"wp","href":"https:\/\/api.w.org\/{rel}","templated":true}]}}