{"id":515,"date":"2021-02-03T12:29:29","date_gmt":"2021-02-03T12:29:29","guid":{"rendered":"http:\/\/volvo4xx.hu\/?page_id=515"},"modified":"2024-11-20T09:18:53","modified_gmt":"2024-11-20T09:18:53","slug":"tesztek","status":"publish","type":"page","link":"https:\/\/volvo4xx.hu\/?page_id=515","title":{"rendered":"Tesztek"},"content":{"rendered":"\n<figure class=\"wp-block-image size-large\"><img loading=\"lazy\" decoding=\"async\" width=\"76\" height=\"53\" src=\"http:\/\/volvo4xx.hu\/wp-content\/uploads\/2021\/02\/480.jpg\" alt=\"\" class=\"wp-image-538\"\/><\/figure>\n\n\n\n<div class=\"wp-block-image\"><figure class=\"alignright size-large is-resized\"><img loading=\"lazy\" decoding=\"async\" src=\"http:\/\/volvo4xx.hu\/wp-content\/uploads\/2021\/01\/480.gif\" alt=\"\" class=\"wp-image-69\" width=\"276\" height=\"95\"\/><\/figure><\/div>\n\n\n\n<ul><li>TOTALCAR: &#8222;<a href=\"https:\/\/totalcar.hu\/tesztek\/volvo480t199\/\">Azt hitt\u00e9k, ez a j\u00f6v\u0151<\/a>&#8221; (2008)<\/li><li>A &#8222;Player&#8221; \u00e9s a Volvo4xx.hu k\u00f6z\u00f6s cikke: &#8222;<a rel=\"noreferrer noopener\" href=\"https:\/\/player.hu\/tech-auto\/bukolampa-turbo-es-a-skandinav-baj-volvo-480\/\" target=\"_blank\">Buk\u00f3l\u00e1mpa, turb\u00f3 \u00e9s a skandin\u00e1v b\u00e1j &#8211; Volvo 480<\/a>&#8222;<\/li><li>Aut\u00f3-motor: &#8222;<a href=\"http:\/\/volvo4xx.hu\/wp-content\/uploads\/2021\/02\/480_es_am.pdf\" target=\"_blank\" rel=\"noreferrer noopener\">A VOLVO 480 ES<\/a>&#8221; (1987)<\/li><li>&#8222;<a href=\"https:\/\/youtu.be\/DW86sEE6Fyc\">The stylish story of the Volvo 480<\/a>&#8221; (2021)<\/li><li>&#8222;The forgotten hot hatch&#8221; <a href=\"https:\/\/youtu.be\/R7nUJ1nqBss\">480 Celebration<\/a> (2020)<\/li><li>Az &#8222;ASFALT&#8221; c. holland aut\u00f3sm\u0171sor <a href=\"https:\/\/youtu.be\/UQEEDsnTtXY\">480-as tesztje<\/a> (2016.03.)<\/li><li>&#8222;Flipping Bangers&#8221;: <a href=\"https:\/\/youtu.be\/2hFWZtZL0U8\">Volvo 480 ES<\/a> (angol aut\u00f3s sorozat, 2019)<\/li><li>&#8222;AutoWeek&#8221; holland aut\u00f3s\u00fajs\u00e1g, m\u0171sor tesztje: <a href=\"https:\/\/youtu.be\/07GZjQWQy0Y\">f\u00e9lmilli\u00f3 km-t futott 480<\/a> ES (2016)<\/li><li>Veter\u00e1nGar\u00e1zs: &#8222;A m\u00e1rkat\u00e1rsak t\u00e1mogat\u00e1s\u00e1val&#8221; (2018.06. 4.sz\u00e1m)<\/li><li><a href=\"https:\/\/youtu.be\/wT-9GOaig2o\">480 T test<\/a> (A Golf, a Honda \u00e9s a 480T \u00f6sszehasonl\u00edt\u00f3 tesztje) <\/li><li>POA francia aut\u00f3sm\u0171sor: &#8222;<a rel=\"noreferrer noopener\" href=\"https:\/\/youtu.be\/UWmhk3mbI1k\" target=\"_blank\">Volvo 480 &#8211; Tout ce qu&#8217;il faut savoir<\/a>&#8221; (2019)<\/li><li>&#8222;Hub Nut&#8221; aut\u00f3s videoblog: <a href=\"https:\/\/youtu.be\/db1tAw2Tpw8\">Real Road test 480<\/a> (2019)<\/li><li>Le Petit Garage: &#8222;<a rel=\"noreferrer noopener\" href=\"https:\/\/youtu.be\/RPgNpUOFVmk\" target=\"_blank\">Volvo 480 Turbo &#8211; La Plus SEXY des Su\u00e9doises!!<\/a>&#8221; (2019) <\/li><li>Alfa Guy 2: &#8222;<a href=\"https:\/\/youtu.be\/nDSvQsssms0\">The story of Volvo 480<\/a>&#8221; r\u00f6vid t\u00edpust\u00f6rt\u00e9nelem (2019)<\/li><\/ul>\n\n\n\n<hr class=\"wp-block-separator\"\/>\n\n\n\n<figure class=\"wp-block-image size-large\"><img loading=\"lazy\" decoding=\"async\" width=\"75\" height=\"52\" src=\"http:\/\/volvo4xx.hu\/wp-content\/uploads\/2021\/02\/440.jpg\" alt=\"\" class=\"wp-image-539\"\/><\/figure>\n\n\n\n<div class=\"wp-block-image\"><figure class=\"alignright size-large is-resized\"><img loading=\"lazy\" decoding=\"async\" src=\"http:\/\/volvo4xx.hu\/wp-content\/uploads\/2021\/02\/graf440.jpg\" alt=\"\" class=\"wp-image-616\" width=\"314\" height=\"150\" srcset=\"https:\/\/volvo4xx.hu\/wp-content\/uploads\/2021\/02\/graf440.jpg 790w, https:\/\/volvo4xx.hu\/wp-content\/uploads\/2021\/02\/graf440-300x144.jpg 300w, https:\/\/volvo4xx.hu\/wp-content\/uploads\/2021\/02\/graf440-768x367.jpg 768w\" sizes=\"(max-width: 314px) 100vw, 314px\" \/><\/figure><\/div>\n\n\n\n<ul><li>&#8222;<a rel=\"noreferrer noopener\" href=\"https:\/\/www.volvocars.com\/hu\/about\/our-company\/news\/volvo-440\" target=\"_blank\">Volvo 440 &#8211; Harminc\u00e9ves az el\u0151remutat\u00f3 VOLVO<\/a>&#8221; (VAH)<\/li><li>&#8222;Hub Nut&#8221; aut\u00f3s videoblog: <a href=\"http:\/\/&quot;Hub Nut&quot; aut\u00f3s videoblog: Real Road test 480 (2019)\">Real Road test 440<\/a> (2019)<\/li><li>&#8222;Pisti szerel&#8221;: <a rel=\"noreferrer noopener\" href=\"https:\/\/youtu.be\/79jBIq6Cjlo\" target=\"_blank\">Volvo 440 bemutat\u00f3, haszn\u00e1lt teszt<\/a> (2019)<\/li><li>A2: &#8222;<a href=\"http:\/\/volvo4xx.hu\/wp-content\/uploads\/2021\/02\/a2.jpg\" target=\"_blank\" rel=\"noreferrer noopener\">Hagyom\u00e1ny-\u00e1pol\u00f3<\/a>&#8221; (1996)<\/li><li>A2: RetroMobil: &#8222;<a rel=\"noreferrer noopener\" href=\"http:\/\/www.retromobil.hu\/magazinok\/retro-mobil-2019-5\/\" target=\"_blank\">Francia sz\u00e1l&#8221; Volvo 440 GL<\/a> (2019.05)<\/li><li><a rel=\"noreferrer noopener\" href=\"https:\/\/youtu.be\/flP6Ef1Rpes\" target=\"_blank\">VOLVO 440<\/a> n\u00e9met nyelv\u0171 gy\u00e1ri t\u00edpusbemutat\u00f3 (1988)<\/li><li>BILTV Trafikmagasinet sv\u00e9d aut\u00f3sm\u0171sor: <a rel=\"noreferrer noopener\" href=\"https:\/\/youtu.be\/4ZRVBvHzfmg\" target=\"_blank\">Volvo 850-440 bemutat\u00f3 \u00e9s teszt<\/a><\/li><\/ul>\n\n\n\n<hr class=\"wp-block-separator\"\/>\n\n\n\n<figure class=\"wp-block-image size-large\"><img loading=\"lazy\" decoding=\"async\" width=\"74\" height=\"51\" src=\"http:\/\/volvo4xx.hu\/wp-content\/uploads\/2021\/02\/460.jpg\" alt=\"\" class=\"wp-image-541\"\/><\/figure>\n\n\n\n<div class=\"wp-block-image\"><figure class=\"alignright size-large is-resized\"><img loading=\"lazy\" decoding=\"async\" src=\"http:\/\/volvo4xx.hu\/wp-content\/uploads\/2021\/02\/vol460.jpg\" alt=\"\" class=\"wp-image-650\" width=\"305\" height=\"145\" srcset=\"https:\/\/volvo4xx.hu\/wp-content\/uploads\/2021\/02\/vol460.jpg 790w, https:\/\/volvo4xx.hu\/wp-content\/uploads\/2021\/02\/vol460-300x144.jpg 300w, https:\/\/volvo4xx.hu\/wp-content\/uploads\/2021\/02\/vol460-768x367.jpg 768w\" sizes=\"(max-width: 305px) 100vw, 305px\" \/><\/figure><\/div>\n\n\n\n<ul><li>TOTALCAR: &#8222;<a rel=\"noreferrer noopener\" href=\"https:\/\/totalcar.hu\/tesztek\/volvo4xx\/\" target=\"_blank\">A j\u00f3, a rossz \u00e9s a cs\u00faf<\/a>&#8221; (2006)<\/li><li><a href=\"https:\/\/youtu.be\/PaV4aoUyAd4\">\u00d6sszehasonl\u00edt\u00f3 teszt 1992-b\u0151l<\/a> (Fiat, VW, Volvo)<\/li><li>Aut\u00f3Magazin: &#8222;<a rel=\"noreferrer noopener\" href=\"http:\/\/volvo4xx.hu\/wp-content\/uploads\/2021\/02\/AutoMagazin_eszakifeny.pdf\" target=\"_blank\">\u00c9szaki f\u00e9ny<\/a>&#8222;<\/li><li>AM: &#8222;<a rel=\"noreferrer noopener\" href=\"http:\/\/volvo4xx.hu\/wp-content\/uploads\/2021\/02\/am_1994_460TD.jpg\" target=\"_blank\">Sv\u00e9dcsavar<\/a>&#8221; Volvo 460 1.9TD (1994)<\/li><li>Aut\u00f3piac: &#8222;<a href=\"http:\/\/volvo4xx.hu\/wp-content\/uploads\/2021\/02\/autopiac1.jpg\" target=\"_blank\" rel=\"noreferrer noopener\">K\u00fattalan utakon<\/a>&#8221; Volvo 460 TD (1994)<\/li><li><a rel=\"noreferrer noopener\" href=\"https:\/\/youtu.be\/riDjakRX0-U\" target=\"_blank\">VOLVO 460 haszn\u00e1ltteszt<\/a> a holland &#8222;AutoWeek&#8221;-t\u0151l (2008)<\/li><li><a rel=\"noreferrer noopener\" href=\"https:\/\/nepitelet.hu\/autok\/volvo\/440_460_1988\/volvo_svedaczel\/\" target=\"_blank\">VOLVO sv\u00e9dacz\u00e9l<\/a> &#8211; N\u00e9p\u00edt\u00e9let teszt a Totalcar oldal\u00e1r\u00f3l<\/li><li>Aut\u00f3piac: &#8222;<a rel=\"noreferrer noopener\" href=\"http:\/\/volvo4xx.hu\/wp-content\/uploads\/2021\/02\/volvo440-460.jpg\" target=\"_blank\">A Volvo fekete b\u00e1r\u00e1nya<\/a>&#8221; (2008)<\/li><li>BILTV Trafikmagasinet: <a rel=\"noreferrer noopener\" href=\"https:\/\/youtu.be\/sUIzhBl1IOc\" target=\"_blank\">Volvo 460 GL bemutat\u00f3 \u00e9s teszt<\/a> (1995)  <\/li><\/ul>\n\n\n\n<p><\/p>\n\n\n\n<hr class=\"wp-block-separator\"\/>\n\n\n\n<p class=\"has-text-align-center\"><em>A honlapon szerepl\u0151 anyagok, k\u00e9pek a \u201cVolvo Car Corporation\u201d \u00e9s a magyarorsz\u00e1gi Volvo tulajdonosok szellemi tulajdon\u00e1t k\u00e9pezik!<\/em><\/p>\n","protected":false},"excerpt":{"rendered":"<p>TOTALCAR: &#8222;Azt hitt\u00e9k, ez a j\u00f6v\u0151&#8221; (2008) A &#8222;Player&#8221; \u00e9s a Volvo4xx.hu k\u00f6z\u00f6s cikke: &#8222;Buk\u00f3l\u00e1mpa, turb\u00f3 \u00e9s a skandin\u00e1v b\u00e1j &#8211; Volvo 480&#8222; Aut\u00f3-motor: &#8222;A VOLVO 480 ES&#8221; (1987) &#8222;The stylish story of the Volvo 480&#8221; (2021) &#8222;The forgotten hot hatch&#8221; 480 Celebration (2020) Az &#8222;ASFALT&#8221; c. holland aut\u00f3sm\u0171sor 480-as tesztje (2016.03.) &#8222;Flipping Bangers&#8221;: Volvo [&hellip;]<\/p>\n","protected":false},"author":1,"featured_media":0,"parent":0,"menu_order":0,"comment_status":"closed","ping_status":"closed","template":"","meta":{"_exactmetrics_skip_tracking":false,"_exactmetrics_sitenote_active":false,"_exactmetrics_sitenote_note":"","_exactmetrics_sitenote_category":0,"footnotes":""},"_links":{"self":[{"href":"https:\/\/volvo4xx.hu\/index.php?rest_route=\/wp\/v2\/pages\/515"}],"collection":[{"href":"https:\/\/volvo4xx.hu\/index.php?rest_route=\/wp\/v2\/pages"}],"about":[{"href":"https:\/\/volvo4xx.hu\/index.php?rest_route=\/wp\/v2\/types\/page"}],"author":[{"embeddable":true,"href":"https:\/\/volvo4xx.hu\/index.php?rest_route=\/wp\/v2\/users\/1"}],"replies":[{"embeddable":true,"href":"https:\/\/volvo4xx.hu\/index.php?rest_route=%2Fwp%2Fv2%2Fcomments&post=515"}],"version-history":[{"count":48,"href":"https:\/\/volvo4xx.hu\/index.php?rest_route=\/wp\/v2\/pages\/515\/revisions"}],"predecessor-version":[{"id":926,"href":"https:\/\/volvo4xx.hu\/index.php?rest_route=\/wp\/v2\/pages\/515\/revisions\/926"}],"wp:attachment":[{"href":"https:\/\/volvo4xx.hu\/index.php?rest_route=%2Fwp%2Fv2%2Fmedia&parent=515"}],"curies":[{"name":"wp","href":"https:\/\/api.w.org\/{rel}","templated":true}]}}