{"id":50,"date":"2021-01-21T12:59:29","date_gmt":"2021-01-21T12:59:29","guid":{"rendered":"http:\/\/volvo4xx.hu\/?page_id=50"},"modified":"2025-12-07T20:26:16","modified_gmt":"2025-12-07T20:26:16","slug":"460-2","status":"publish","type":"page","link":"https:\/\/volvo4xx.hu\/?page_id=50","title":{"rendered":"460"},"content":{"rendered":"\n<figure class=\"wp-block-image size-large is-resized\"><img loading=\"lazy\" decoding=\"async\" width=\"1024\" height=\"580\" src=\"http:\/\/volvo4xx.hu\/wp-content\/uploads\/2021\/01\/460meretei-1024x580.jpg\" alt=\"\" class=\"wp-image-286\" style=\"width:840px;height:475px\" srcset=\"https:\/\/volvo4xx.hu\/wp-content\/uploads\/2021\/01\/460meretei-1024x580.jpg 1024w, https:\/\/volvo4xx.hu\/wp-content\/uploads\/2021\/01\/460meretei-300x170.jpg 300w, https:\/\/volvo4xx.hu\/wp-content\/uploads\/2021\/01\/460meretei-768x435.jpg 768w, https:\/\/volvo4xx.hu\/wp-content\/uploads\/2021\/01\/460meretei.jpg 1134w\" sizes=\"(max-width: 1024px) 100vw, 1024px\" \/><\/figure>\n\n\n\n<hr class=\"wp-block-separator has-css-opacity is-style-wide\"\/>\n\n\n\n<figure class=\"wp-block-image size-large\"><img loading=\"lazy\" decoding=\"async\" width=\"1024\" height=\"455\" src=\"http:\/\/volvo4xx.hu\/wp-content\/uploads\/2021\/01\/460_1800x800-1024x455.jpg\" alt=\"\" class=\"wp-image-289\" srcset=\"https:\/\/volvo4xx.hu\/wp-content\/uploads\/2021\/01\/460_1800x800-1024x455.jpg 1024w, https:\/\/volvo4xx.hu\/wp-content\/uploads\/2021\/01\/460_1800x800-300x133.jpg 300w, https:\/\/volvo4xx.hu\/wp-content\/uploads\/2021\/01\/460_1800x800-768x341.jpg 768w, https:\/\/volvo4xx.hu\/wp-content\/uploads\/2021\/01\/460_1800x800-1536x683.jpg 1536w, https:\/\/volvo4xx.hu\/wp-content\/uploads\/2021\/01\/460_1800x800.jpg 1802w\" sizes=\"(max-width: 1024px) 100vw, 1024px\" \/><\/figure>\n\n\n\n<hr class=\"wp-block-separator has-css-opacity is-style-wide\"\/>\n\n\n\n<p>Az \u00f6tajt\u00f3s 460-as 4,44 m\u00e9teres hossz\u00e1val, t\u00e1gas utas- \u00e9s csomagter\u00e9vel a n\u00e9gyes-sorozat utols\u00f3 darabja. Gy\u00e1rt\u00e1sa 1989-ben indult. El\u0151sz\u00f6r 1991-ben ny\u00faltak hozz\u00e1 a karossz\u00e9ri\u00e1hoz \u00e9s utast\u00e9rhez, majd 1993-ban k\u00f6vetkezett egy l\u00e1tv\u00e1nyosabb r\u00e1ncfelvarr\u00e1s, ekkor a t\u00edpust formailag hozz\u00e1igaz\u00edtott\u00e1k a 850-eshez. M\u0171szakilag megegyezik a 480-440-es t\u00edpusokkal, utols\u00f3 t\u00edpusv\u00e1ltozatk\u00e9nt egy kiforrott darabr\u00f3l besz\u00e9lhet\u00fcnk. <\/p>\n\n\n\n<figure class=\"wp-block-embed aligncenter is-type-video is-provider-youtube wp-block-embed-youtube wp-embed-aspect-4-3 wp-has-aspect-ratio\"><div class=\"wp-block-embed__wrapper\">\n<iframe loading=\"lazy\" title=\"Volvo 460 German tv commercial  1992\" width=\"640\" height=\"480\" src=\"https:\/\/www.youtube.com\/embed\/_x9w8HafPFY?feature=oembed\" frameborder=\"0\" allow=\"accelerometer; autoplay; clipboard-write; encrypted-media; gyroscope; picture-in-picture; web-share\" referrerpolicy=\"strict-origin-when-cross-origin\" allowfullscreen><\/iframe>\n<\/div><\/figure>\n\n\n\n<p>A konzervat\u00edv, ugyanakkor m\u00e1r a l\u00e1gy\u00edtott, enyh\u00e9n g\u00f6mb\u00f6ly\u00edtett \u00e9lek formaterve id\u0151t\u00e1ll\u00f3nak bizonyult. Az \u00e9pp egy tonna \u00f6sszt\u00f6meg feletti aut\u00f3ba akt\u00edv \u00e9s passz\u00edv biztons\u00e1gi elemek sorozata ker\u00fclt be\u00e9p\u00edt\u00e9sre: els\u0151-h\u00e1ts\u00f3 tervezetten deform\u00e1l\u00f3d\u00f3 z\u00f3na, l\u00e9gzs\u00e1k, SIPS rendszer, \u00f6vfesz\u00edt\u0151kkel, er\u0151s\u00edtett ajt\u00f3k \u00e9s tet\u0151, ABS, TRACS.<\/p>\n\n\n\n<hr class=\"wp-block-separator has-alpha-channel-opacity is-style-wide\"\/>\n\n\n\n<figure class=\"wp-block-gallery has-nested-images columns-default is-cropped wp-block-gallery-1 is-layout-flex wp-block-gallery-is-layout-flex\">\n<figure class=\"wp-block-image size-large\"><img loading=\"lazy\" decoding=\"async\" width=\"678\" height=\"291\" data-id=\"293\" src=\"http:\/\/volvo4xx.hu\/wp-content\/uploads\/2021\/01\/460_spoileresfekete.jpg\" alt=\"\" class=\"wp-image-293\" srcset=\"https:\/\/volvo4xx.hu\/wp-content\/uploads\/2021\/01\/460_spoileresfekete.jpg 678w, https:\/\/volvo4xx.hu\/wp-content\/uploads\/2021\/01\/460_spoileresfekete-300x129.jpg 300w\" sizes=\"(max-width: 678px) 100vw, 678px\" \/><\/figure>\n\n\n\n<figure class=\"wp-block-image size-large\"><img loading=\"lazy\" decoding=\"async\" width=\"448\" height=\"289\" data-id=\"294\" src=\"http:\/\/volvo4xx.hu\/wp-content\/uploads\/2021\/01\/elso_futomu.jpg\" alt=\"\" class=\"wp-image-294\" srcset=\"https:\/\/volvo4xx.hu\/wp-content\/uploads\/2021\/01\/elso_futomu.jpg 448w, https:\/\/volvo4xx.hu\/wp-content\/uploads\/2021\/01\/elso_futomu-300x194.jpg 300w\" sizes=\"(max-width: 448px) 100vw, 448px\" \/><\/figure>\n\n\n\n<figure class=\"wp-block-image size-large\"><img loading=\"lazy\" decoding=\"async\" width=\"678\" height=\"292\" data-id=\"292\" src=\"http:\/\/volvo4xx.hu\/wp-content\/uploads\/2021\/01\/460_piros.jpg\" alt=\"\" class=\"wp-image-292\" srcset=\"https:\/\/volvo4xx.hu\/wp-content\/uploads\/2021\/01\/460_piros.jpg 678w, https:\/\/volvo4xx.hu\/wp-content\/uploads\/2021\/01\/460_piros-300x129.jpg 300w\" sizes=\"(max-width: 678px) 100vw, 678px\" \/><\/figure>\n\n\n\n<figure class=\"wp-block-image size-large\"><img loading=\"lazy\" decoding=\"async\" width=\"696\" height=\"306\" data-id=\"291\" src=\"http:\/\/volvo4xx.hu\/wp-content\/uploads\/2021\/01\/460_extrak.jpg\" alt=\"\" class=\"wp-image-291\" srcset=\"https:\/\/volvo4xx.hu\/wp-content\/uploads\/2021\/01\/460_extrak.jpg 696w, https:\/\/volvo4xx.hu\/wp-content\/uploads\/2021\/01\/460_extrak-300x132.jpg 300w\" sizes=\"(max-width: 696px) 100vw, 696px\" \/><\/figure>\n<\/figure>\n\n\n\n<figure class=\"wp-block-embed is-type-video is-provider-youtube wp-block-embed-youtube wp-embed-aspect-4-3 wp-has-aspect-ratio\"><div class=\"wp-block-embed__wrapper\">\n<iframe loading=\"lazy\" title=\"Volvo 460 mainos\" width=\"640\" height=\"480\" src=\"https:\/\/www.youtube.com\/embed\/bRIVy2KM5dU?feature=oembed\" frameborder=\"0\" allow=\"accelerometer; autoplay; clipboard-write; encrypted-media; gyroscope; picture-in-picture; web-share\" referrerpolicy=\"strict-origin-when-cross-origin\" allowfullscreen><\/iframe>\n<\/div><\/figure>\n\n\n\n<hr class=\"wp-block-separator has-css-opacity is-style-wide\"\/>\n\n\n\n<ul>\n<li><a href=\"https:\/\/www.veikl.com\/d\/Volvo-460-Brochure-1990-NL-45370\">460 holland nyelv\u0171 gy\u00e1ri prospektus<\/a> (1990)<\/li>\n\n\n\n<li><a href=\"https:\/\/www.veikl.com\/d\/Volvo-460-Brochure-1991-NL-45369\">460 holland nyelv\u0171 gy\u00e1ri prospektus<\/a> (1991)<\/li>\n\n\n\n<li><a href=\"https:\/\/www.veikl.com\/d\/Volvo-460-Press-Kit-1987-EN-13622\">A 460-as m\u0171szaki \u00e9s technikai bemutat\u00e1sa, sajt\u00f3anyag<\/a> (1987!)<\/li>\n\n\n\n<li>A VOLVO <a href=\"https:\/\/youtu.be\/6rB-njYIyIU?si=dyXp6uEKj5pGLrih\" data-type=\"link\" data-id=\"https:\/\/youtu.be\/6rB-njYIyIU?si=dyXp6uEKj5pGLrih\">1993. \u00e9vi modellk\u00edn\u00e1lata<\/a> (1993)<\/li>\n\n\n\n<li><a href=\"https:\/\/youtu.be\/DNIKdqGOgks?si=CCauFXLEsnYgKyuj\">A 440-460-os,1995-\u00f6s modellek n\u00e9met nyelv\u0171 VHS bemutat\u00f3ja<\/a> (1995)<\/li>\n\n\n\n<li><a rel=\"noreferrer noopener\" href=\"https:\/\/youtu.be\/stsUQXCxGsI\" target=\"_blank\">The VOLVO 400 Series Story<\/a> (2021)<\/li>\n\n\n\n<li><a href=\"https:\/\/youtu.be\/tjlSYstx0mU\">Me&amp;my VOLVO<\/a> (a h\u00e1rom t\u00edpust bemutat\u00f3 gy\u00e1ri kisfilm) <\/li>\n\n\n\n<li><a href=\"https:\/\/youtu.be\/KxMl7g-SPs0\" data-type=\"URL\" data-id=\"https:\/\/youtu.be\/KxMl7g-SPs0\">Phase II-es 460 tesztje<\/a> a sv\u00e9d BilTv-ben (1993)<\/li>\n\n\n\n<li>VOLVO 460 GLE: <a href=\"https:\/\/youtu.be\/Uv6QVTcbIvU\" target=\"_blank\" rel=\"noreferrer noopener\">The beigest Volvo ever goes for a drive<\/a> (2023)<\/li>\n<\/ul>\n\n\n\n<p>A port\u00e1l fb oldala <a href=\"https:\/\/www.facebook.com\/profile.php?id=61584740642065\"><strong>ITT<\/strong><\/a> \u00e9rhet\u0151 el!<\/p>\n\n\n\n<hr class=\"wp-block-separator has-css-opacity is-style-wide\"\/>\n\n\n\n<p class=\"has-text-align-center\">&nbsp;<em>A honlapon szerepl\u0151 anyagok, k\u00e9pek a \u201cVolvo Car Corporation\u201d \u00e9s a magyarorsz\u00e1gi Volvo tulajdonosok szellemi tulajdon\u00e1t k\u00e9pezik!<\/em><\/p>\n","protected":false},"excerpt":{"rendered":"<p>Az \u00f6tajt\u00f3s 460-as 4,44 m\u00e9teres hossz\u00e1val, t\u00e1gas utas- \u00e9s csomagter\u00e9vel a n\u00e9gyes-sorozat utols\u00f3 darabja. Gy\u00e1rt\u00e1sa 1989-ben indult. El\u0151sz\u00f6r 1991-ben ny\u00faltak hozz\u00e1 a karossz\u00e9ri\u00e1hoz \u00e9s utast\u00e9rhez, majd 1993-ban k\u00f6vetkezett egy l\u00e1tv\u00e1nyosabb r\u00e1ncfelvarr\u00e1s, ekkor a t\u00edpust formailag hozz\u00e1igaz\u00edtott\u00e1k a 850-eshez. M\u0171szakilag megegyezik a 480-440-es t\u00edpusokkal, utols\u00f3 t\u00edpusv\u00e1ltozatk\u00e9nt egy kiforrott darabr\u00f3l besz\u00e9lhet\u00fcnk. A konzervat\u00edv, ugyanakkor m\u00e1r a l\u00e1gy\u00edtott, [&hellip;]<\/p>\n","protected":false},"author":1,"featured_media":0,"parent":0,"menu_order":0,"comment_status":"closed","ping_status":"closed","template":"","meta":{"_exactmetrics_skip_tracking":false,"_exactmetrics_sitenote_active":false,"_exactmetrics_sitenote_note":"","_exactmetrics_sitenote_category":0,"footnotes":""},"_links":{"self":[{"href":"https:\/\/volvo4xx.hu\/index.php?rest_route=\/wp\/v2\/pages\/50"}],"collection":[{"href":"https:\/\/volvo4xx.hu\/index.php?rest_route=\/wp\/v2\/pages"}],"about":[{"href":"https:\/\/volvo4xx.hu\/index.php?rest_route=\/wp\/v2\/types\/page"}],"author":[{"embeddable":true,"href":"https:\/\/volvo4xx.hu\/index.php?rest_route=\/wp\/v2\/users\/1"}],"replies":[{"embeddable":true,"href":"https:\/\/volvo4xx.hu\/index.php?rest_route=%2Fwp%2Fv2%2Fcomments&post=50"}],"version-history":[{"count":25,"href":"https:\/\/volvo4xx.hu\/index.php?rest_route=\/wp\/v2\/pages\/50\/revisions"}],"predecessor-version":[{"id":2465,"href":"https:\/\/volvo4xx.hu\/index.php?rest_route=\/wp\/v2\/pages\/50\/revisions\/2465"}],"wp:attachment":[{"href":"https:\/\/volvo4xx.hu\/index.php?rest_route=%2Fwp%2Fv2%2Fmedia&parent=50"}],"curies":[{"name":"wp","href":"https:\/\/api.w.org\/{rel}","templated":true}]}}