{"id":46,"date":"2021-01-21T12:58:44","date_gmt":"2021-01-21T12:58:44","guid":{"rendered":"http:\/\/volvo4xx.hu\/?page_id=46"},"modified":"2025-12-07T20:24:53","modified_gmt":"2025-12-07T20:24:53","slug":"440-2","status":"publish","type":"page","link":"https:\/\/volvo4xx.hu\/?page_id=46","title":{"rendered":"440"},"content":{"rendered":"\n<figure class=\"wp-block-image size-large\"><img loading=\"lazy\" decoding=\"async\" width=\"1024\" height=\"231\" src=\"http:\/\/volvo4xx.hu\/wp-content\/uploads\/2021\/01\/440meretei-1024x231-1.jpg\" alt=\"\" class=\"wp-image-233\" srcset=\"https:\/\/volvo4xx.hu\/wp-content\/uploads\/2021\/01\/440meretei-1024x231-1.jpg 1024w, https:\/\/volvo4xx.hu\/wp-content\/uploads\/2021\/01\/440meretei-1024x231-1-300x68.jpg 300w, https:\/\/volvo4xx.hu\/wp-content\/uploads\/2021\/01\/440meretei-1024x231-1-768x173.jpg 768w\" sizes=\"(max-width: 1024px) 100vw, 1024px\" \/><\/figure>\n\n\n<div class=\"wp-block-image\">\n<figure class=\"aligncenter size-large is-resized\"><img loading=\"lazy\" decoding=\"async\" width=\"700\" height=\"340\" src=\"http:\/\/volvo4xx.hu\/wp-content\/uploads\/2021\/01\/440_460_96-700x340-1.jpg\" alt=\"\" class=\"wp-image-232\" style=\"width:825px;height:401px\" srcset=\"https:\/\/volvo4xx.hu\/wp-content\/uploads\/2021\/01\/440_460_96-700x340-1.jpg 700w, https:\/\/volvo4xx.hu\/wp-content\/uploads\/2021\/01\/440_460_96-700x340-1-300x146.jpg 300w\" sizes=\"(max-width: 700px) 100vw, 700px\" \/><\/figure><\/div>\n\n\n<p>A 440-es a n\u00e9gyesek legnagyobb darabsz\u00e1mban gy\u00e1rtott t\u00edpusa. \u00d6tajt\u00f3s kialak\u00edt\u00e1sa miatt <a href=\"http:\/\/volvo4xx.hu\/wp-content\/uploads\/2021\/01\/440_csomagok.jpg\">j\u00f3l pakolhat\u00f3<\/a>, kompakt kialak\u00edt\u00e1sa a v\u00e1rosi k\u00f6zleked\u00e9s egyik kedvelt m\u00e1rk\u00e1j\u00e1v\u00e1 tette. A Galaxy 2 projekt 850-es\u00e9nek bevezet\u00e9se el\u0151tt, m\u00e9g 1993-ban a n\u00e9gyesek r\u00e1ncfelvarr\u00e1st kaptak (phase II.). Hozz\u00e1igaz\u00edtott\u00e1k a t\u00edpus orr\u00e9sz\u00e9t a 850-es\u00e9hez, de emellett m\u00e9g sok m\u00e1s formai \u00e9s m\u0171szaki m\u00f3dos\u00edt\u00e1st is kapott a t\u00edpus. Az 1990-es \u00e9vek elej\u00e9n els\u0151 helyen \u00e1llt az eur\u00f3pai&nbsp;aut\u00f3v\u00e1s\u00e1rl\u00f3k kedvelts\u00e9gi list\u00e1j\u00e1n. Egy francia m\u0171hely kis sorozatban&nbsp;(\u00e1l)<a href=\"http:\/\/www.volvotips.com\/wp-content\/uploads\/Volvo_440_Estate_conversion_Toncar.jpg\">kombikat<\/a>&nbsp;is k\u00e9sz\u00edtett a t\u00edpusb\u00f3l.    <\/p>\n\n\n\n<hr class=\"wp-block-separator has-alpha-channel-opacity is-style-wide\"\/>\n\n\n\n<figure class=\"wp-block-embed is-type-video is-provider-youtube wp-block-embed-youtube wp-embed-aspect-4-3 wp-has-aspect-ratio\"><div class=\"wp-block-embed__wrapper\">\n<iframe loading=\"lazy\" title=\"Volvo  - Volvo 440  - Video Brochure  (1990)\" width=\"640\" height=\"480\" src=\"https:\/\/www.youtube.com\/embed\/MNBnrTvuapE?feature=oembed\" frameborder=\"0\" allow=\"accelerometer; autoplay; clipboard-write; encrypted-media; gyroscope; picture-in-picture; web-share\" referrerpolicy=\"strict-origin-when-cross-origin\" allowfullscreen><\/iframe>\n<\/div><figcaption class=\"wp-element-caption\"><strong>A 440-es gy\u00e1ri bemutat\u00f3filmje 1990-b\u0151l<\/strong> <strong>(angol) <\/strong><\/figcaption><\/figure>\n\n\n\n<hr class=\"wp-block-separator has-alpha-channel-opacity is-style-wide\"\/>\n\n\n<div class=\"wp-block-image\">\n<figure class=\"aligncenter size-large\"><img loading=\"lazy\" decoding=\"async\" width=\"750\" height=\"736\" src=\"http:\/\/volvo4xx.hu\/wp-content\/uploads\/2021\/01\/440_bodykit.jpg\" alt=\"\" class=\"wp-image-311\" srcset=\"https:\/\/volvo4xx.hu\/wp-content\/uploads\/2021\/01\/440_bodykit.jpg 750w, https:\/\/volvo4xx.hu\/wp-content\/uploads\/2021\/01\/440_bodykit-300x294.jpg 300w\" sizes=\"(max-width: 750px) 100vw, 750px\" \/><\/figure><\/div>\n\n\n<p>Sz\u00e1mtalan felszerelts\u00e9gben \u00e9s motorv\u00e1ltozatban k\u00e9sz\u00fclt, a <a href=\"https:\/\/youtu.be\/AOsBEu3dR84\">turb\u00f3s<\/a> \u00e9s gy\u00e1rilag \u00fcltetett, spoileres v\u00e1ltozatai is nagyon n\u00e9pszer\u0171ek voltak. Rengeteg <a href=\"https:\/\/www.veikl.com\/d\/Volvo-Full-Range-Accessories-Brochure-1996-NL-38498\/16\">gy\u00e1ri kieg\u00e9sz\u00edt\u0151vel<\/a> lehetett b\u0151v\u00edteni a gy\u00e1ri alapfelszerelts\u00e9gi szintet. A turb\u00f3motoros v\u00e1ltozatok, az \u00fcltetett fut\u00f3m\u0171vel, spoilerekkel igazi b\u00e1r\u00e1nyb\u0151rbe b\u00fajt farkasok voltak. <\/p>\n\n\n<div class=\"wp-block-image\">\n<figure class=\"aligncenter size-large\"><img loading=\"lazy\" decoding=\"async\" width=\"941\" height=\"409\" src=\"http:\/\/volvo4xx.hu\/wp-content\/uploads\/2021\/02\/motor_turbo.png\" alt=\"\" class=\"wp-image-912\" srcset=\"https:\/\/volvo4xx.hu\/wp-content\/uploads\/2021\/02\/motor_turbo.png 941w, https:\/\/volvo4xx.hu\/wp-content\/uploads\/2021\/02\/motor_turbo-300x130.png 300w, https:\/\/volvo4xx.hu\/wp-content\/uploads\/2021\/02\/motor_turbo-768x334.png 768w\" sizes=\"(max-width: 941px) 100vw, 941px\" \/><\/figure><\/div>\n\n\n<p><\/p>\n\n\n\n<ul>\n<li><a href=\"https:\/\/youtu.be\/DfrwjiwGxzo?si=ptyUwEdgGD6rjepW\" data-type=\"link\" data-id=\"https:\/\/youtu.be\/DfrwjiwGxzo?si=ptyUwEdgGD6rjepW\">440-es \u0151sbemutat\u00f3ja<\/a> (1988) Trafikmagasinet <\/li>\n\n\n\n<li><a href=\"https:\/\/www.veikl.com\/d\/Volvo-440---460-Brochure-1992-NL-44409\">440\/460 holland nyelv\u0171 gy\u00e1ri prospektus<\/a> (1992)<\/li>\n\n\n\n<li><a href=\"https:\/\/www.veikl.com\/d\/Volvo-440---460-Brochure-1993-NL-44407\">440\/460 holland nyelv\u0171 gy\u00e1ri prospektus<\/a> (1993)<\/li>\n\n\n\n<li>A VOLVO <a href=\"https:\/\/youtu.be\/6rB-njYIyIU?si=dyXp6uEKj5pGLrih\" data-type=\"link\" data-id=\"https:\/\/youtu.be\/6rB-njYIyIU?si=dyXp6uEKj5pGLrih\">1993. \u00e9vi modellk\u00edn\u00e1lata<\/a> (1993)<\/li>\n\n\n\n<li><a href=\"https:\/\/youtu.be\/DNIKdqGOgks?si=QYNlMz1yqrQ5cMri\" data-type=\"link\" data-id=\"https:\/\/youtu.be\/DNIKdqGOgks?si=QYNlMz1yqrQ5cMri\">Volvo 440 \/ 460 VHS 1995 Pr\u00e4sentation <\/a>Deutsch (1995)<\/li>\n\n\n\n<li><a href=\"https:\/\/www.veikl.com\/d\/Volvo-440---460-Brochure-1997-NL-44408\">440\/460 holland nyelv\u0171 gy\u00e1ri prospektus<\/a> (1997)<\/li>\n\n\n\n<li><a href=\"https:\/\/youtu.be\/tjlSYstx0mU\">Me&amp;my VOLVO<\/a> (a h\u00e1rom t\u00edpust bemutat\u00f3 gy\u00e1ri kisfilm)<\/li>\n\n\n\n<li><a href=\"https:\/\/youtu.be\/8uU7Dr-felM?si=sEUPq1Kpp4QggtNk\" data-type=\"link\" data-id=\"https:\/\/youtu.be\/8uU7Dr-felM?si=sEUPq1Kpp4QggtNk\">VOLVO 440 Turbo<\/a> (1992) &#8211; Der ERSTE kleine Volvo! ZU MODERN? Unterwegs mit der Turbo-Rarit\u00e4t<\/li>\n<\/ul>\n\n\n\n<p>A port\u00e1l fb oldala <a href=\"https:\/\/www.facebook.com\/profile.php?id=61584740642065\"><strong>ITT<\/strong><\/a> \u00e9rhet\u0151 el!<\/p>\n\n\n\n<div class=\"wp-block-columns is-layout-flex wp-container-core-columns-is-layout-2 wp-block-columns-is-layout-flex\">\n<div class=\"wp-block-column is-layout-flow wp-block-column-is-layout-flow\" style=\"flex-basis:100%\">\n<hr class=\"wp-block-separator has-css-opacity aligncenter is-style-wide\"\/>\n\n\n\n<div class=\"wp-block-columns is-layout-flex wp-container-core-columns-is-layout-1 wp-block-columns-is-layout-flex\">\n<div class=\"wp-block-column is-layout-flow wp-block-column-is-layout-flow\" style=\"flex-basis:100%\">\n<p class=\"has-text-align-center\"><em>A honlapon szerepl\u0151 anyagok, k\u00e9pek a \u201cVolvo Car Corporation\u201d \u00e9s a magyarorsz\u00e1gi Volv\u00f3 tulajdonosok szellemi tulajdon\u00e1t k\u00e9pezik!<\/em><\/p>\n<\/div>\n<\/div>\n<\/div>\n<\/div>\n\n\n\n<p><\/p>\n","protected":false},"excerpt":{"rendered":"<p>A 440-es a n\u00e9gyesek legnagyobb darabsz\u00e1mban gy\u00e1rtott t\u00edpusa. \u00d6tajt\u00f3s kialak\u00edt\u00e1sa miatt j\u00f3l pakolhat\u00f3, kompakt kialak\u00edt\u00e1sa a v\u00e1rosi k\u00f6zleked\u00e9s egyik kedvelt m\u00e1rk\u00e1j\u00e1v\u00e1 tette. A Galaxy 2 projekt 850-es\u00e9nek bevezet\u00e9se el\u0151tt, m\u00e9g 1993-ban a n\u00e9gyesek r\u00e1ncfelvarr\u00e1st kaptak (phase II.). Hozz\u00e1igaz\u00edtott\u00e1k a t\u00edpus orr\u00e9sz\u00e9t a 850-es\u00e9hez, de emellett m\u00e9g sok m\u00e1s formai \u00e9s m\u0171szaki m\u00f3dos\u00edt\u00e1st is kapott a [&hellip;]<\/p>\n","protected":false},"author":1,"featured_media":0,"parent":0,"menu_order":0,"comment_status":"closed","ping_status":"closed","template":"","meta":{"_exactmetrics_skip_tracking":false,"_exactmetrics_sitenote_active":false,"_exactmetrics_sitenote_note":"","_exactmetrics_sitenote_category":0,"footnotes":""},"_links":{"self":[{"href":"https:\/\/volvo4xx.hu\/index.php?rest_route=\/wp\/v2\/pages\/46"}],"collection":[{"href":"https:\/\/volvo4xx.hu\/index.php?rest_route=\/wp\/v2\/pages"}],"about":[{"href":"https:\/\/volvo4xx.hu\/index.php?rest_route=\/wp\/v2\/types\/page"}],"author":[{"embeddable":true,"href":"https:\/\/volvo4xx.hu\/index.php?rest_route=\/wp\/v2\/users\/1"}],"replies":[{"embeddable":true,"href":"https:\/\/volvo4xx.hu\/index.php?rest_route=%2Fwp%2Fv2%2Fcomments&post=46"}],"version-history":[{"count":35,"href":"https:\/\/volvo4xx.hu\/index.php?rest_route=\/wp\/v2\/pages\/46\/revisions"}],"predecessor-version":[{"id":2464,"href":"https:\/\/volvo4xx.hu\/index.php?rest_route=\/wp\/v2\/pages\/46\/revisions\/2464"}],"wp:attachment":[{"href":"https:\/\/volvo4xx.hu\/index.php?rest_route=%2Fwp%2Fv2%2Fmedia&parent=46"}],"curies":[{"name":"wp","href":"https:\/\/api.w.org\/{rel}","templated":true}]}}