{"id":37,"date":"2021-01-21T12:42:45","date_gmt":"2021-01-21T12:42:45","guid":{"rendered":"http:\/\/volvo4xx.hu\/?page_id=37"},"modified":"2025-02-18T19:48:54","modified_gmt":"2025-02-18T19:48:54","slug":"hirek","status":"publish","type":"page","link":"https:\/\/volvo4xx.hu\/?page_id=37","title":{"rendered":"H\u00edrek"},"content":{"rendered":"\n<hr class=\"wp-block-separator has-alpha-channel-opacity is-style-wide\"\/>\n\n\n\n<p><strong>2025.02.10.<\/strong>: Az elvihet\u0151 440-460-as alkatr\u00e9szek fot\u00f3i a teljess\u00e9g ig\u00e9nye n\u00e9lk\u00fcl (Karcag):<\/p>\n\n\n\n<p>(<em>A n\u00e9gy ajt\u00f3t elvitt\u00e9k, az apr\u00f3s\u00e1gokb\u00f3l is fogyott, a korm\u00e1nynak, k\u00fcls\u0151 bels\u0151 l\u00f6kh\u00e1r\u00edt\u00f3nak is ker\u00fclt gazda&#8230;<\/em>)  <\/p>\n\n\n\n<figure class=\"wp-block-gallery has-nested-images columns-default is-cropped wp-block-gallery-1 is-layout-flex wp-block-gallery-is-layout-flex\">\n<figure class=\"wp-block-image size-large\"><img loading=\"lazy\" decoding=\"async\" width=\"1024\" height=\"768\" data-id=\"2434\" src=\"https:\/\/volvo4xx.hu\/wp-content\/uploads\/2025\/02\/DSCF3981-1024x768.jpg\" alt=\"\" class=\"wp-image-2434\" srcset=\"https:\/\/volvo4xx.hu\/wp-content\/uploads\/2025\/02\/DSCF3981-1024x768.jpg 1024w, https:\/\/volvo4xx.hu\/wp-content\/uploads\/2025\/02\/DSCF3981-300x225.jpg 300w, https:\/\/volvo4xx.hu\/wp-content\/uploads\/2025\/02\/DSCF3981-768x576.jpg 768w, https:\/\/volvo4xx.hu\/wp-content\/uploads\/2025\/02\/DSCF3981-1536x1152.jpg 1536w, https:\/\/volvo4xx.hu\/wp-content\/uploads\/2025\/02\/DSCF3981.jpg 2048w\" sizes=\"(max-width: 1024px) 100vw, 1024px\" \/><\/figure>\n\n\n\n<figure class=\"wp-block-image size-large\"><img loading=\"lazy\" decoding=\"async\" width=\"768\" height=\"1024\" data-id=\"2435\" src=\"https:\/\/volvo4xx.hu\/wp-content\/uploads\/2025\/02\/DSCF3983-768x1024.jpg\" alt=\"\" class=\"wp-image-2435\" srcset=\"https:\/\/volvo4xx.hu\/wp-content\/uploads\/2025\/02\/DSCF3983-768x1024.jpg 768w, https:\/\/volvo4xx.hu\/wp-content\/uploads\/2025\/02\/DSCF3983-225x300.jpg 225w, https:\/\/volvo4xx.hu\/wp-content\/uploads\/2025\/02\/DSCF3983-1152x1536.jpg 1152w, https:\/\/volvo4xx.hu\/wp-content\/uploads\/2025\/02\/DSCF3983.jpg 1536w\" sizes=\"(max-width: 768px) 100vw, 768px\" \/><\/figure>\n\n\n\n<figure class=\"wp-block-image size-large\"><img loading=\"lazy\" decoding=\"async\" width=\"1024\" height=\"768\" data-id=\"2436\" src=\"https:\/\/volvo4xx.hu\/wp-content\/uploads\/2025\/02\/DSCF3989-1-1024x768.jpg\" alt=\"\" class=\"wp-image-2436\" srcset=\"https:\/\/volvo4xx.hu\/wp-content\/uploads\/2025\/02\/DSCF3989-1-1024x768.jpg 1024w, https:\/\/volvo4xx.hu\/wp-content\/uploads\/2025\/02\/DSCF3989-1-300x225.jpg 300w, https:\/\/volvo4xx.hu\/wp-content\/uploads\/2025\/02\/DSCF3989-1-768x576.jpg 768w, https:\/\/volvo4xx.hu\/wp-content\/uploads\/2025\/02\/DSCF3989-1-1536x1152.jpg 1536w, https:\/\/volvo4xx.hu\/wp-content\/uploads\/2025\/02\/DSCF3989-1.jpg 2048w\" sizes=\"(max-width: 1024px) 100vw, 1024px\" \/><\/figure>\n<\/figure>\n\n\n\n<p><\/p>\n\n\n\n<figure class=\"wp-block-gallery has-nested-images columns-default is-cropped wp-block-gallery-2 is-layout-flex wp-block-gallery-is-layout-flex\">\n<figure class=\"wp-block-image size-large\"><img loading=\"lazy\" decoding=\"async\" width=\"1024\" height=\"534\" data-id=\"2437\" src=\"https:\/\/volvo4xx.hu\/wp-content\/uploads\/2025\/02\/DSCF4007-1024x534.jpg\" alt=\"\" class=\"wp-image-2437\" srcset=\"https:\/\/volvo4xx.hu\/wp-content\/uploads\/2025\/02\/DSCF4007-1024x534.jpg 1024w, https:\/\/volvo4xx.hu\/wp-content\/uploads\/2025\/02\/DSCF4007-300x156.jpg 300w, https:\/\/volvo4xx.hu\/wp-content\/uploads\/2025\/02\/DSCF4007-768x400.jpg 768w, https:\/\/volvo4xx.hu\/wp-content\/uploads\/2025\/02\/DSCF4007-1536x801.jpg 1536w, https:\/\/volvo4xx.hu\/wp-content\/uploads\/2025\/02\/DSCF4007.jpg 1799w\" sizes=\"(max-width: 1024px) 100vw, 1024px\" \/><\/figure>\n\n\n\n<figure class=\"wp-block-image size-large\"><img loading=\"lazy\" decoding=\"async\" width=\"1024\" height=\"768\" data-id=\"2438\" src=\"https:\/\/volvo4xx.hu\/wp-content\/uploads\/2025\/02\/DSCF4009-1024x768.jpg\" alt=\"\" class=\"wp-image-2438\" srcset=\"https:\/\/volvo4xx.hu\/wp-content\/uploads\/2025\/02\/DSCF4009-1024x768.jpg 1024w, https:\/\/volvo4xx.hu\/wp-content\/uploads\/2025\/02\/DSCF4009-300x225.jpg 300w, https:\/\/volvo4xx.hu\/wp-content\/uploads\/2025\/02\/DSCF4009-768x576.jpg 768w, https:\/\/volvo4xx.hu\/wp-content\/uploads\/2025\/02\/DSCF4009-1536x1152.jpg 1536w, https:\/\/volvo4xx.hu\/wp-content\/uploads\/2025\/02\/DSCF4009.jpg 2048w\" sizes=\"(max-width: 1024px) 100vw, 1024px\" \/><\/figure>\n\n\n\n<figure class=\"wp-block-image size-large\"><img loading=\"lazy\" decoding=\"async\" width=\"1024\" height=\"458\" data-id=\"2439\" src=\"https:\/\/volvo4xx.hu\/wp-content\/uploads\/2025\/02\/DSCF4037-1024x458.jpg\" alt=\"\" class=\"wp-image-2439\" srcset=\"https:\/\/volvo4xx.hu\/wp-content\/uploads\/2025\/02\/DSCF4037-1024x458.jpg 1024w, https:\/\/volvo4xx.hu\/wp-content\/uploads\/2025\/02\/DSCF4037-300x134.jpg 300w, https:\/\/volvo4xx.hu\/wp-content\/uploads\/2025\/02\/DSCF4037-768x344.jpg 768w, https:\/\/volvo4xx.hu\/wp-content\/uploads\/2025\/02\/DSCF4037-1536x687.jpg 1536w, https:\/\/volvo4xx.hu\/wp-content\/uploads\/2025\/02\/DSCF4037.jpg 1812w\" sizes=\"(max-width: 1024px) 100vw, 1024px\" \/><\/figure>\n<\/figure>\n\n\n\n<p><\/p>\n\n\n\n<figure class=\"wp-block-gallery has-nested-images columns-default is-cropped wp-block-gallery-3 is-layout-flex wp-block-gallery-is-layout-flex\">\n<figure class=\"wp-block-image size-large\"><img loading=\"lazy\" decoding=\"async\" width=\"1024\" height=\"808\" data-id=\"2427\" src=\"https:\/\/volvo4xx.hu\/wp-content\/uploads\/2025\/02\/napellenzok-1024x808.jpg\" alt=\"\" class=\"wp-image-2427\" srcset=\"https:\/\/volvo4xx.hu\/wp-content\/uploads\/2025\/02\/napellenzok-1024x808.jpg 1024w, https:\/\/volvo4xx.hu\/wp-content\/uploads\/2025\/02\/napellenzok-300x237.jpg 300w, https:\/\/volvo4xx.hu\/wp-content\/uploads\/2025\/02\/napellenzok-768x606.jpg 768w, https:\/\/volvo4xx.hu\/wp-content\/uploads\/2025\/02\/napellenzok-1536x1213.jpg 1536w, https:\/\/volvo4xx.hu\/wp-content\/uploads\/2025\/02\/napellenzok.jpg 1586w\" sizes=\"(max-width: 1024px) 100vw, 1024px\" \/><\/figure>\n\n\n\n<figure class=\"wp-block-image size-large\"><img loading=\"lazy\" decoding=\"async\" width=\"1024\" height=\"754\" data-id=\"2426\" src=\"https:\/\/volvo4xx.hu\/wp-content\/uploads\/2025\/02\/tetokarpit2-1024x754.jpg\" alt=\"\" class=\"wp-image-2426\" srcset=\"https:\/\/volvo4xx.hu\/wp-content\/uploads\/2025\/02\/tetokarpit2-1024x754.jpg 1024w, https:\/\/volvo4xx.hu\/wp-content\/uploads\/2025\/02\/tetokarpit2-300x221.jpg 300w, https:\/\/volvo4xx.hu\/wp-content\/uploads\/2025\/02\/tetokarpit2-768x566.jpg 768w, https:\/\/volvo4xx.hu\/wp-content\/uploads\/2025\/02\/tetokarpit2-1536x1131.jpg 1536w, https:\/\/volvo4xx.hu\/wp-content\/uploads\/2025\/02\/tetokarpit2.jpg 1677w\" sizes=\"(max-width: 1024px) 100vw, 1024px\" \/><\/figure>\n<\/figure>\n\n\n\n<hr class=\"wp-block-separator has-alpha-channel-opacity is-style-wide\"\/>\n\n\n\n<ul>\n<li><strong>2024.08.05.:<\/strong> &#8222;<a href=\"https:\/\/villanyautosok.hu\/2024\/06\/18\/volvo-otmillio-kilometerrel-nem-elado\/\"><strong>VOLVO \u00f6tmilli\u00f3 kilom\u00e9terrel<\/strong><\/a>&#8221; (cikk a Villanyaut\u00f3sok c. port\u00e1lon)<\/li>\n<\/ul>\n\n\n\n<hr class=\"wp-block-separator has-alpha-channel-opacity is-style-wide\"\/>\n\n\n\n<ul>\n<li><strong>2024.02.21.<\/strong>: Gy\u00e1ri LYNX k\u00f6nny\u0171f\u00e9m felniszett elad\u00f3, \u00faj GoodYear gumikkal (940-960-850-esre j\u00f3)!<\/li>\n\n\n\n<li><strong>2024.01.10.<\/strong>: Phase II-es, t\u00f6k\u00e9letes \u00e1llapot\u00fa, balos els\u0151 <strong>k\u00f6dl\u00e1mpa<\/strong> (6 ezer Ft.)! <\/li>\n\n\n\n<li>N\u00e9gy, k\u00e9k sz\u00edn\u0171 440-460-ra val\u00f3 j\u00f3 \u00e1llapot\u00fa phase II-re val\u00f3 ajt\u00f3 elad\u00f3, 5 ezer Ft\/db \u00e1ron. <\/li>\n<\/ul>\n\n\n\n<figure class=\"wp-block-gallery has-nested-images columns-default is-cropped wp-block-gallery-4 is-layout-flex wp-block-gallery-is-layout-flex\">\n<figure class=\"wp-block-image size-large\"><a href=\"https:\/\/volvo4xx.hu\/wp-content\/uploads\/2024\/02\/Volvo_960_hibatlan_gyari_konnyufem_felniszett__Lynx__nyarigumival_368922389285268.jpg\"><img loading=\"lazy\" decoding=\"async\" width=\"785\" height=\"1024\" data-id=\"2131\" src=\"https:\/\/volvo4xx.hu\/wp-content\/uploads\/2024\/02\/Volvo_960_hibatlan_gyari_konnyufem_felniszett__Lynx__nyarigumival_368922389285268-785x1024.jpg\" alt=\"\" class=\"wp-image-2131\" srcset=\"https:\/\/volvo4xx.hu\/wp-content\/uploads\/2024\/02\/Volvo_960_hibatlan_gyari_konnyufem_felniszett__Lynx__nyarigumival_368922389285268-785x1024.jpg 785w, https:\/\/volvo4xx.hu\/wp-content\/uploads\/2024\/02\/Volvo_960_hibatlan_gyari_konnyufem_felniszett__Lynx__nyarigumival_368922389285268-230x300.jpg 230w, https:\/\/volvo4xx.hu\/wp-content\/uploads\/2024\/02\/Volvo_960_hibatlan_gyari_konnyufem_felniszett__Lynx__nyarigumival_368922389285268-768x1002.jpg 768w, https:\/\/volvo4xx.hu\/wp-content\/uploads\/2024\/02\/Volvo_960_hibatlan_gyari_konnyufem_felniszett__Lynx__nyarigumival_368922389285268.jpg 828w\" sizes=\"(max-width: 785px) 100vw, 785px\" \/><\/a><\/figure>\n\n\n\n<figure class=\"wp-block-image size-large\"><img loading=\"lazy\" decoding=\"async\" width=\"1024\" height=\"562\" data-id=\"2127\" src=\"https:\/\/volvo4xx.hu\/wp-content\/uploads\/2024\/02\/Volvo_960_hibatlan_gyari_konnyufem_felniszett__Lynx__nyarigumival_461162389285272-1024x562.jpg\" alt=\"\" class=\"wp-image-2127\" srcset=\"https:\/\/volvo4xx.hu\/wp-content\/uploads\/2024\/02\/Volvo_960_hibatlan_gyari_konnyufem_felniszett__Lynx__nyarigumival_461162389285272-1024x562.jpg 1024w, https:\/\/volvo4xx.hu\/wp-content\/uploads\/2024\/02\/Volvo_960_hibatlan_gyari_konnyufem_felniszett__Lynx__nyarigumival_461162389285272-300x165.jpg 300w, https:\/\/volvo4xx.hu\/wp-content\/uploads\/2024\/02\/Volvo_960_hibatlan_gyari_konnyufem_felniszett__Lynx__nyarigumival_461162389285272-768x421.jpg 768w, https:\/\/volvo4xx.hu\/wp-content\/uploads\/2024\/02\/Volvo_960_hibatlan_gyari_konnyufem_felniszett__Lynx__nyarigumival_461162389285272-1536x842.jpg 1536w, https:\/\/volvo4xx.hu\/wp-content\/uploads\/2024\/02\/Volvo_960_hibatlan_gyari_konnyufem_felniszett__Lynx__nyarigumival_461162389285272.jpg 1920w\" sizes=\"(max-width: 1024px) 100vw, 1024px\" \/><\/figure>\n\n\n\n<figure class=\"wp-block-image size-large\"><img loading=\"lazy\" decoding=\"async\" width=\"1024\" height=\"457\" data-id=\"2128\" src=\"https:\/\/volvo4xx.hu\/wp-content\/uploads\/2024\/02\/Volvo_960_hibatlan_gyari_konnyufem_felniszett__Lynx__nyarigumival_601032389285380-1024x457.jpg\" alt=\"\" class=\"wp-image-2128\" srcset=\"https:\/\/volvo4xx.hu\/wp-content\/uploads\/2024\/02\/Volvo_960_hibatlan_gyari_konnyufem_felniszett__Lynx__nyarigumival_601032389285380-1024x457.jpg 1024w, https:\/\/volvo4xx.hu\/wp-content\/uploads\/2024\/02\/Volvo_960_hibatlan_gyari_konnyufem_felniszett__Lynx__nyarigumival_601032389285380-300x134.jpg 300w, https:\/\/volvo4xx.hu\/wp-content\/uploads\/2024\/02\/Volvo_960_hibatlan_gyari_konnyufem_felniszett__Lynx__nyarigumival_601032389285380-768x343.jpg 768w, https:\/\/volvo4xx.hu\/wp-content\/uploads\/2024\/02\/Volvo_960_hibatlan_gyari_konnyufem_felniszett__Lynx__nyarigumival_601032389285380-1536x686.jpg 1536w, https:\/\/volvo4xx.hu\/wp-content\/uploads\/2024\/02\/Volvo_960_hibatlan_gyari_konnyufem_felniszett__Lynx__nyarigumival_601032389285380.jpg 1920w\" sizes=\"(max-width: 1024px) 100vw, 1024px\" \/><\/figure>\n\n\n\n<figure class=\"wp-block-image size-large\"><img loading=\"lazy\" decoding=\"async\" width=\"1024\" height=\"524\" data-id=\"2129\" src=\"https:\/\/volvo4xx.hu\/wp-content\/uploads\/2024\/02\/Volvo_960_hibatlan_gyari_konnyufem_felniszett__Lynx__nyarigumival_844802389285173-1024x524.jpg\" alt=\"\" class=\"wp-image-2129\" srcset=\"https:\/\/volvo4xx.hu\/wp-content\/uploads\/2024\/02\/Volvo_960_hibatlan_gyari_konnyufem_felniszett__Lynx__nyarigumival_844802389285173-1024x524.jpg 1024w, https:\/\/volvo4xx.hu\/wp-content\/uploads\/2024\/02\/Volvo_960_hibatlan_gyari_konnyufem_felniszett__Lynx__nyarigumival_844802389285173-300x153.jpg 300w, https:\/\/volvo4xx.hu\/wp-content\/uploads\/2024\/02\/Volvo_960_hibatlan_gyari_konnyufem_felniszett__Lynx__nyarigumival_844802389285173-768x393.jpg 768w, https:\/\/volvo4xx.hu\/wp-content\/uploads\/2024\/02\/Volvo_960_hibatlan_gyari_konnyufem_felniszett__Lynx__nyarigumival_844802389285173-1536x786.jpg 1536w, https:\/\/volvo4xx.hu\/wp-content\/uploads\/2024\/02\/Volvo_960_hibatlan_gyari_konnyufem_felniszett__Lynx__nyarigumival_844802389285173.jpg 1920w\" sizes=\"(max-width: 1024px) 100vw, 1024px\" \/><\/figure>\n\n\n\n<figure class=\"wp-block-image size-large\"><img loading=\"lazy\" decoding=\"async\" width=\"1024\" height=\"513\" data-id=\"2130\" src=\"https:\/\/volvo4xx.hu\/wp-content\/uploads\/2024\/02\/Volvo_960_hibatlan_gyari_konnyufem_felniszett__Lynx__nyarigumival_869132389285392-1024x513.jpg\" alt=\"\" class=\"wp-image-2130\" srcset=\"https:\/\/volvo4xx.hu\/wp-content\/uploads\/2024\/02\/Volvo_960_hibatlan_gyari_konnyufem_felniszett__Lynx__nyarigumival_869132389285392-1024x513.jpg 1024w, https:\/\/volvo4xx.hu\/wp-content\/uploads\/2024\/02\/Volvo_960_hibatlan_gyari_konnyufem_felniszett__Lynx__nyarigumival_869132389285392-300x150.jpg 300w, https:\/\/volvo4xx.hu\/wp-content\/uploads\/2024\/02\/Volvo_960_hibatlan_gyari_konnyufem_felniszett__Lynx__nyarigumival_869132389285392-768x385.jpg 768w, https:\/\/volvo4xx.hu\/wp-content\/uploads\/2024\/02\/Volvo_960_hibatlan_gyari_konnyufem_felniszett__Lynx__nyarigumival_869132389285392-1536x770.jpg 1536w, https:\/\/volvo4xx.hu\/wp-content\/uploads\/2024\/02\/Volvo_960_hibatlan_gyari_konnyufem_felniszett__Lynx__nyarigumival_869132389285392.jpg 1920w\" sizes=\"(max-width: 1024px) 100vw, 1024px\" \/><\/figure>\n\n\n\n<figure class=\"wp-block-image size-large\"><img loading=\"lazy\" decoding=\"async\" width=\"721\" height=\"1024\" data-id=\"2126\" src=\"https:\/\/volvo4xx.hu\/wp-content\/uploads\/2024\/02\/Volvo_960_hibatlan_gyari_konnyufem_felniszett__Lynx__nyarigumival_978682389285660-721x1024.jpg\" alt=\"\" class=\"wp-image-2126\" srcset=\"https:\/\/volvo4xx.hu\/wp-content\/uploads\/2024\/02\/Volvo_960_hibatlan_gyari_konnyufem_felniszett__Lynx__nyarigumival_978682389285660-721x1024.jpg 721w, https:\/\/volvo4xx.hu\/wp-content\/uploads\/2024\/02\/Volvo_960_hibatlan_gyari_konnyufem_felniszett__Lynx__nyarigumival_978682389285660-211x300.jpg 211w, https:\/\/volvo4xx.hu\/wp-content\/uploads\/2024\/02\/Volvo_960_hibatlan_gyari_konnyufem_felniszett__Lynx__nyarigumival_978682389285660.jpg 760w\" sizes=\"(max-width: 721px) 100vw, 721px\" \/><\/figure>\n<\/figure>\n\n\n\n<figure class=\"wp-block-gallery has-nested-images columns-default is-cropped wp-block-gallery-5 is-layout-flex wp-block-gallery-is-layout-flex\">\n<figure class=\"wp-block-image size-large\"><img loading=\"lazy\" decoding=\"async\" width=\"768\" height=\"976\" data-id=\"1680\" src=\"http:\/\/volvo4xx.hu\/wp-content\/uploads\/2022\/11\/kodlampak1.jpg\" alt=\"\" class=\"wp-image-1680\" srcset=\"https:\/\/volvo4xx.hu\/wp-content\/uploads\/2022\/11\/kodlampak1.jpg 768w, https:\/\/volvo4xx.hu\/wp-content\/uploads\/2022\/11\/kodlampak1-236x300.jpg 236w\" sizes=\"(max-width: 768px) 100vw, 768px\" \/><\/figure>\n\n\n\n<figure class=\"wp-block-image size-large\"><img loading=\"lazy\" decoding=\"async\" width=\"1024\" height=\"491\" data-id=\"1681\" src=\"http:\/\/volvo4xx.hu\/wp-content\/uploads\/2022\/11\/kodlampak2-1024x491.jpg\" alt=\"\" class=\"wp-image-1681\" srcset=\"https:\/\/volvo4xx.hu\/wp-content\/uploads\/2022\/11\/kodlampak2-1024x491.jpg 1024w, https:\/\/volvo4xx.hu\/wp-content\/uploads\/2022\/11\/kodlampak2-300x144.jpg 300w, https:\/\/volvo4xx.hu\/wp-content\/uploads\/2022\/11\/kodlampak2-768x369.jpg 768w, https:\/\/volvo4xx.hu\/wp-content\/uploads\/2022\/11\/kodlampak2-1536x737.jpg 1536w, https:\/\/volvo4xx.hu\/wp-content\/uploads\/2022\/11\/kodlampak2-2048x983.jpg 2048w\" sizes=\"(max-width: 1024px) 100vw, 1024px\" \/><\/figure>\n<\/figure>\n\n\n\n<hr class=\"wp-block-separator has-alpha-channel-opacity is-style-wide\"\/>\n\n\n\n<p><strong>2022.09.01. <\/strong>A port\u00e1l t\u00fal van egy spam \u00e9s elavult appon kereszt\u00fcl megval\u00f3sult bot t\u00e1mad\u00e1s-sorozaton, amely a ny\u00e1r folyam\u00e1n folyamatosan bosszantotta az idel\u00e1togat\u00f3 felhaszn\u00e1l\u00f3kat. Siker\u00fclt bez\u00e1rni a kiskaput, \u00faj t\u0171zfal \u00e9s sz\u0171r\u0151program vigy\u00e1z ezent\u00fal a port\u00e1lra. Mint a kedvenc aut\u00f3nk jelmondat\u00e1n\u00e1l, itt is a biztons\u00e1g mindenek el\u0151tt! K\u00f6vetkezz\u00e9k most egy p\u00e1r szokatlan VOLVO rekl\u00e1m, amelyet nemigen l\u00e1thatott az \u00e1tlag h\u00edr- \u00e9s rekl\u00e1mfogyaszt\u00f3!    <\/p>\n\n\n\n<figure class=\"wp-block-embed aligncenter is-type-video is-provider-youtube wp-block-embed-youtube wp-embed-aspect-16-9 wp-has-aspect-ratio\"><div class=\"wp-block-embed__wrapper\">\n<iframe loading=\"lazy\" title=\"Funny Volvo Commercials.\" width=\"640\" height=\"360\" src=\"https:\/\/www.youtube.com\/embed\/jveooeE01Y4?feature=oembed\" frameborder=\"0\" allow=\"accelerometer; autoplay; clipboard-write; encrypted-media; gyroscope; picture-in-picture; web-share\" referrerpolicy=\"strict-origin-when-cross-origin\" allowfullscreen><\/iframe>\n<\/div><\/figure>\n\n\n\n<hr class=\"wp-block-separator has-alpha-channel-opacity is-style-wide\"\/>\n\n\n\n<p><strong>2022.07.21.<\/strong> Szomor\u00fa nap volt az idei j\u00falius 21-e a magyar youngtimer \u00e9s veter\u00e1n volv\u00f3sok sz\u00e1m\u00e1ra. E napon b\u00facs\u00faztattuk az \u00e9rdi temet\u0151ben bar\u00e1tunkat, <strong>Barna L\u00e1szl\u00f3t, &#8222;nappapit&#8221;<\/strong>, aki kedvenc m\u00e1rk\u00e1nk nagy rajong\u00f3ja \u00e9s ismer\u0151je volt. Tan\u00e1csai, t\u00fcrelmes \u00fatmutat\u00e1sai, az \u00e1ltala beszerzett alkatr\u00e9szek az elm\u00falt \u00e9vtizedekben soksz\u00e1z VOLVO tulajdonoson seg\u00edtettek. \u00d6sszej\u00f6veteleinken, tal\u00e1lkoz\u00f3k alkalm\u00e1b\u00f3l mindig sokat tett a j\u00f3 hangulat\u00e9rt, j\u00f3 humora, \u00f3ri\u00e1si tapasztalata mindannyiunk sz\u00e1m\u00e1ra hi\u00e1nyozni fog!<\/p>\n\n\n\n<p><strong>Laci, legyen Neked k\u00f6nny\u0171 a f\u00f6ld!<\/strong>     <\/p>\n\n\n\n<figure class=\"wp-block-image size-large\"><a href=\"http:\/\/volvo4xx.hu\/wp-content\/uploads\/2022\/09\/Barna_Laci-scaled.jpg\"><img loading=\"lazy\" decoding=\"async\" width=\"1024\" height=\"774\" src=\"http:\/\/volvo4xx.hu\/wp-content\/uploads\/2022\/09\/Barna_Laszlo_2022_07_21-1024x774.png\" alt=\"\" class=\"wp-image-1521\" srcset=\"https:\/\/volvo4xx.hu\/wp-content\/uploads\/2022\/09\/Barna_Laszlo_2022_07_21-1024x774.png 1024w, https:\/\/volvo4xx.hu\/wp-content\/uploads\/2022\/09\/Barna_Laszlo_2022_07_21-300x227.png 300w, https:\/\/volvo4xx.hu\/wp-content\/uploads\/2022\/09\/Barna_Laszlo_2022_07_21-768x581.png 768w, https:\/\/volvo4xx.hu\/wp-content\/uploads\/2022\/09\/Barna_Laszlo_2022_07_21.png 1292w\" sizes=\"(max-width: 1024px) 100vw, 1024px\" \/><\/a><figcaption class=\"wp-element-caption\">Barna L\u00e1szl\u00f3 \u00e9s Kati eml\u00e9k\u00e9re <\/figcaption><\/figure>\n\n\n\n<hr class=\"wp-block-separator has-alpha-channel-opacity is-style-wide\"\/>\n\n\n\n<p><strong>2022.02.14.:<\/strong> Az aut\u00f3k ad\u00e1sv\u00e9tele egy el\u00e9g gyakori esem\u00e9ny, ehhez a Becs\u00fcletesnepper ad fog\u00f3dz\u00f3t, \u00e9rdemes megfogadni az intelmeit!<\/p>\n\n\n\n<figure class=\"wp-block-embed is-type-video is-provider-youtube wp-block-embed-youtube wp-embed-aspect-16-9 wp-has-aspect-ratio\"><div class=\"wp-block-embed__wrapper\">\n<iframe loading=\"lazy\" title=\"Hogyan (ne) csin\u00e1lj magadb\u00f3l h\u00fcly\u00e9t\" width=\"640\" height=\"360\" src=\"https:\/\/www.youtube.com\/embed\/00h8KdGVD2E?feature=oembed\" frameborder=\"0\" allow=\"accelerometer; autoplay; clipboard-write; encrypted-media; gyroscope; picture-in-picture; web-share\" referrerpolicy=\"strict-origin-when-cross-origin\" allowfullscreen><\/iframe>\n<\/div><\/figure>\n\n\n\n<hr class=\"wp-block-separator has-css-opacity is-style-wide\"\/>\n\n\n\n<p><strong>2021. 01.20.<\/strong> Janu\u00e1rban \u00fajra\u00e9ledt a <a rel=\"noreferrer noopener\" href=\"http:\/\/volvo4xx.hu\" target=\"_blank\">volvo4xx.hu<\/a> domain \u00e9s innen m\u00e1r csak egy l\u00e9p\u00e9s volt a n\u00e9gyes port\u00e1l \u00e1tk\u00f6lt\u00f6ztet\u00e9se a megszokott r\u00e9gi domain n\u00e9v al\u00e1!  <\/p>\n\n\n\n<hr class=\"wp-block-separator has-css-opacity is-style-wide\"\/>\n\n\n\n<p><strong>2021.01.21-t\u0151l<\/strong> elkezd\u0151d\u00f6tt a port\u00e1l k\u00f6lt\u00f6ztet\u00e9se, az oldalak friss\u00edt\u00e9se \u00e9s aktualiz\u00e1l\u00e1sa; ez folyamatosan zajlik az aloldalak rendez\u00e9s\u00e9vel \u00e9s \u00fajraszerkeszt\u00e9s\u00e9vel. A r\u00e9gi f\u00f3rum fel\u00fcletet kihaszn\u00e1latlans\u00e1g miatt felsz\u00e1moltam, az fb fel\u00fclet \u00e9s a port\u00e1l &#8222;Blog&#8221; oldala p\u00f3tolja ezt. <\/p>\n\n\n\n<hr class=\"wp-block-separator has-css-opacity is-style-wide\"\/>\n\n\n\n<p><\/p>\n\n\n\n<hr class=\"wp-block-separator has-css-opacity is-style-wide\"\/>\n\n\n\n<p class=\"has-text-align-center\"><em>A honlapon szerepl\u0151 anyagok, k\u00e9pek a \u201cVolvo Car Corporation\u201d \u00e9s a magyarorsz\u00e1gi Volvo tulajdonosok szellemi tulajdon\u00e1t k\u00e9pezik!<\/em><\/p>\n","protected":false},"excerpt":{"rendered":"<p>2025.02.10.: Az elvihet\u0151 440-460-as alkatr\u00e9szek fot\u00f3i a teljess\u00e9g ig\u00e9nye n\u00e9lk\u00fcl (Karcag): (A n\u00e9gy ajt\u00f3t elvitt\u00e9k, az apr\u00f3s\u00e1gokb\u00f3l is fogyott, a korm\u00e1nynak, k\u00fcls\u0151 bels\u0151 l\u00f6kh\u00e1r\u00edt\u00f3nak is ker\u00fclt gazda&#8230;) 2022.09.01. A port\u00e1l t\u00fal van egy spam \u00e9s elavult appon kereszt\u00fcl megval\u00f3sult bot t\u00e1mad\u00e1s-sorozaton, amely a ny\u00e1r folyam\u00e1n folyamatosan bosszantotta az idel\u00e1togat\u00f3 felhaszn\u00e1l\u00f3kat. Siker\u00fclt bez\u00e1rni a kiskaput, \u00faj [&hellip;]<\/p>\n","protected":false},"author":1,"featured_media":0,"parent":0,"menu_order":0,"comment_status":"closed","ping_status":"closed","template":"","meta":{"_exactmetrics_skip_tracking":false,"_exactmetrics_sitenote_active":false,"_exactmetrics_sitenote_note":"","_exactmetrics_sitenote_category":0,"footnotes":""},"_links":{"self":[{"href":"https:\/\/volvo4xx.hu\/index.php?rest_route=\/wp\/v2\/pages\/37"}],"collection":[{"href":"https:\/\/volvo4xx.hu\/index.php?rest_route=\/wp\/v2\/pages"}],"about":[{"href":"https:\/\/volvo4xx.hu\/index.php?rest_route=\/wp\/v2\/types\/page"}],"author":[{"embeddable":true,"href":"https:\/\/volvo4xx.hu\/index.php?rest_route=\/wp\/v2\/users\/1"}],"replies":[{"embeddable":true,"href":"https:\/\/volvo4xx.hu\/index.php?rest_route=%2Fwp%2Fv2%2Fcomments&post=37"}],"version-history":[{"count":53,"href":"https:\/\/volvo4xx.hu\/index.php?rest_route=\/wp\/v2\/pages\/37\/revisions"}],"predecessor-version":[{"id":2443,"href":"https:\/\/volvo4xx.hu\/index.php?rest_route=\/wp\/v2\/pages\/37\/revisions\/2443"}],"wp:attachment":[{"href":"https:\/\/volvo4xx.hu\/index.php?rest_route=%2Fwp%2Fv2%2Fmedia&parent=37"}],"curies":[{"name":"wp","href":"https:\/\/api.w.org\/{rel}","templated":true}]}}