{"id":33,"date":"2021-01-21T12:41:31","date_gmt":"2021-01-21T12:41:31","guid":{"rendered":"http:\/\/volvo4xx.hu\/?page_id=33"},"modified":"2022-09-07T19:25:18","modified_gmt":"2022-09-07T19:25:18","slug":"biztonsag","status":"publish","type":"page","link":"https:\/\/volvo4xx.hu\/?page_id=33","title":{"rendered":"Biztons\u00e1g"},"content":{"rendered":"<div class=\"wp-block-image\">\n<figure class=\"alignleft size-large\"><img loading=\"lazy\" decoding=\"async\" width=\"117\" height=\"43\" src=\"http:\/\/volvo4xx.hu\/wp-content\/uploads\/2021\/02\/VOLVO.jpg\" alt=\"\" class=\"wp-image-589\"\/><\/figure><\/div>\n\n\n<p> n\u00e9v a latin &#8222;volvere=gurulni&#8221; sz\u00f3b\u00f3l eredeztethet\u0151. Eleinte a Volvo gy\u00e1r g\u00f6rd\u00fcl\u0151csap\u00e1gyak gy\u00e1rt\u00e1s\u00e1val foglalkozott, a k\u00e9t v\u00e1llalkoz\u00f3 m\u00e9rn\u00f6kember, <strong>Gustav Larson<\/strong> \u00e9s <strong>Assar Gabrielsson<\/strong>  megv\u00e1s\u00e1rolta \u00e9s aut\u00f3t kezdtek gy\u00e1rtani; <a href=\"https:\/\/en.wikipedia.org\/wiki\/Assar_Gabrielsson\">1921-et \u00edrtak akkor<\/a>. Megsz\u00fcletik az \u00d6V4 \u00e9s pap\u00edrra vetik a biztons\u00e1gr\u00f3l sz\u00f3l\u00f3 gondolataikat, ami az\u00f3ta a m\u00e1rka filoz\u00f3fi\u00e1j\u00e1v\u00e1 v\u00e1lt.<\/p>\n\n\n<div class=\"wp-block-image\">\n<figure class=\"alignright size-large is-resized\"><img loading=\"lazy\" decoding=\"async\" src=\"http:\/\/volvo4xx.hu\/wp-content\/uploads\/2021\/02\/volvere_wallpaper-1024x768.jpg\" alt=\"\" class=\"wp-image-675\" width=\"316\" height=\"237\" srcset=\"https:\/\/volvo4xx.hu\/wp-content\/uploads\/2021\/02\/volvere_wallpaper-1024x768.jpg 1024w, https:\/\/volvo4xx.hu\/wp-content\/uploads\/2021\/02\/volvere_wallpaper-300x225.jpg 300w, https:\/\/volvo4xx.hu\/wp-content\/uploads\/2021\/02\/volvere_wallpaper-768x576.jpg 768w, https:\/\/volvo4xx.hu\/wp-content\/uploads\/2021\/02\/volvere_wallpaper-1536x1152.jpg 1536w, https:\/\/volvo4xx.hu\/wp-content\/uploads\/2021\/02\/volvere_wallpaper.jpg 1600w\" sizes=\"(max-width: 316px) 100vw, 316px\" \/><\/figure><\/div>\n\n\n<p><\/p>\n\n\n<div class=\"wp-block-image\">\n<figure class=\"alignleft size-large is-resized\"><img loading=\"lazy\" decoding=\"async\" src=\"http:\/\/volvo4xx.hu\/wp-content\/uploads\/2021\/02\/assargustaf_motto.jpg\" alt=\"\" class=\"wp-image-414\" width=\"420\" height=\"478\" srcset=\"https:\/\/volvo4xx.hu\/wp-content\/uploads\/2021\/02\/assargustaf_motto.jpg 467w, https:\/\/volvo4xx.hu\/wp-content\/uploads\/2021\/02\/assargustaf_motto-263x300.jpg 263w\" sizes=\"(max-width: 420px) 100vw, 420px\" \/><figcaption><strong><span style=\"color:#05394f\" class=\"has-inline-color\">&#8222;A g\u00e9pkocsikat emberek vezetik. Ez\u00e9rt mindenn\u00e9l, amit a Volv\u00f3n\u00e1l csin\u00e1lunk, csakis a biztons\u00e1g lehet a legfontosabb dolog.&#8221;<\/span><\/strong><\/figcaption><\/figure><\/div>\n\n\n<p>Neh\u00e9z lenne mind felsorolni azokat a biztons\u00e1gi fejleszt\u00e9seket, amiket a m\u00e1rka tal\u00e1lt ki \u00e9s vezetett be. Az egyik legfontosabb tal\u00e1lm\u00e1nyuk, <a rel=\"noreferrer noopener\" href=\"https:\/\/youtu.be\/fj_WFwVOYn8\" target=\"_blank\">a h\u00e1rompontos biztons\u00e1gi \u00f6v.<\/a> Bevezet\u00e9se \u00f3ta t\u00f6bb mint egymilli\u00f3 ember \u00e9let\u00e9t mentette meg! <\/p>\n\n\n\n<p>A n\u00e9gyes t\u00edpusok a klasszikus biztons\u00e1g filoz\u00f3fia tov\u00e1bbviv\u0151i lettek. A biztons\u00e1gi utascella er\u0151s\u00edtett, a korm\u00e1nyoszlop front\u00e1lis \u00fctk\u00f6z\u00e9skor \u00f6sszecsuklik, <a href=\"http:\/\/volvo4xx.hu\/wp-content\/uploads\/2021\/02\/biztonsag_3.jpg\">vezet\u0151 oldali l\u00e9gzs\u00e1kkal<\/a> szerelt mindh\u00e1rom t\u00edpus. \u00d6vfesz\u00edt\u0151vel ell\u00e1tott fejt\u00e1ml\u00e1s biztons\u00e1gi \u00fcl\u00e9sek \u00f3vj\u00e1k a bent \u00fcl\u0151ket. A biztons\u00e1gos, m\u0171anyag \u00fczemanyagtart\u00e1ly a h\u00e1ts\u00f3 gy\u0171r\u0151d\u00e9si z\u00f3na el\u0151tti \u00fcl\u00e9slap alatt, v\u00e9dett z\u00f3n\u00e1ban tal\u00e1lhat\u00f3. A 480-as a r\u00f6vid h\u00e1ts\u00f3 t\u00falny\u00fal\u00e1sa ellen\u00e9re teljes v\u00e9delmet ad a h\u00e1tul \u00fcl\u0151k sz\u00e1m\u00e1ra, a h\u00e1ts\u00f3 h\u00edd el\u00e9 helyezett m\u0171anyag \u00fczemanyagtank \u00fctk\u00f6z\u00e9skor sem s\u00e9r\u00fcl. Egy gy\u00e1ri <a href=\"https:\/\/youtu.be\/KtSOYEr-rYQ\">kisfilm<\/a> \u00e9s a lenti k\u00e9pes \u00f6sszefoglal\u00f3 (<a href=\"http:\/\/volvo4xx.hu\/wp-content\/uploads\/2021\/02\/biztonsag_1.jpg\">1<\/a>, <a href=\"http:\/\/volvo4xx.hu\/wp-content\/uploads\/2021\/02\/biztonsag_2.jpg\">2<\/a>) ad r\u00f6vid \u00e1ttekint\u00e9st ir\u00e1nymutat\u00f3 fejleszt\u00e9seikr\u0151l. <\/p>\n\n\n\n<hr class=\"wp-block-separator has-css-opacity is-style-wide\"\/>\n\n\n\n<figure class=\"wp-block-gallery has-nested-images columns-default is-cropped wp-block-gallery-1 is-layout-flex wp-block-gallery-is-layout-flex\">\n<figure class=\"wp-block-image size-large\"><img loading=\"lazy\" decoding=\"async\" width=\"669\" height=\"839\" data-id=\"417\" src=\"http:\/\/volvo4xx.hu\/wp-content\/uploads\/2021\/02\/biztonsag_1.jpg\" alt=\"\" class=\"wp-image-417\" srcset=\"https:\/\/volvo4xx.hu\/wp-content\/uploads\/2021\/02\/biztonsag_1.jpg 669w, https:\/\/volvo4xx.hu\/wp-content\/uploads\/2021\/02\/biztonsag_1-239x300.jpg 239w\" sizes=\"(max-width: 669px) 100vw, 669px\" \/><\/figure>\n\n\n\n<figure class=\"wp-block-image size-large\"><img loading=\"lazy\" decoding=\"async\" width=\"658\" height=\"830\" data-id=\"418\" src=\"http:\/\/volvo4xx.hu\/wp-content\/uploads\/2021\/02\/biztonsag_2.jpg\" alt=\"\" class=\"wp-image-418\" srcset=\"https:\/\/volvo4xx.hu\/wp-content\/uploads\/2021\/02\/biztonsag_2.jpg 658w, https:\/\/volvo4xx.hu\/wp-content\/uploads\/2021\/02\/biztonsag_2-238x300.jpg 238w\" sizes=\"(max-width: 658px) 100vw, 658px\" \/><\/figure>\n<\/figure>\n\n\n\n<hr class=\"wp-block-separator has-css-opacity is-style-wide\"\/>\n\n\n\n<p>A n\u00e9gyesekn\u00e9l a h\u00e1ts\u00f3 gy\u0171r\u0151d\u00e9si z\u00f3na hat\u00e9konys\u00e1g\u00e1t n\u00f6veli, az \u00fctk\u00f6z\u00e9si energia elnyel\u00e9s\u00e9vel a p\u00f3tker\u00e9k is. Az orr\u00e9szben a motort is tart\u00f3 hosszny\u00falv\u00e1nyok t\u00f6bb ponton gyeng\u00edtettek, \u00edgy \u00fctk\u00f6z\u00e9skor ezek tervezetten deform\u00e1l\u00f3dnak, roncsol\u00f3dnak, elnyelve az \u00fctk\u00f6z\u00e9si energia nagy r\u00e9sz\u00e9t. A b\u00f6lcs\u0151re r\u00f6gz\u00edtett motor \u00fctk\u00f6z\u00e9skor lefele mozdul el, a korm\u00e1nyoszlop als\u00f3 r\u00e9sze a kard\u00e1ncsukl\u00f3s megvezet\u00e9s miatt lefel\u00e9 hajlik, szakad, beindul az \u00f6vfesz\u00edt\u0151 \u00e9s a l\u00e9gzs\u00e1k, \u00edgy v\u00e9dve a vezet\u0151t.  <\/p>\n\n\n\n<figure class=\"wp-block-gallery has-nested-images columns-default is-cropped wp-block-gallery-2 is-layout-flex wp-block-gallery-is-layout-flex\">\n<figure class=\"wp-block-image size-large\"><img loading=\"lazy\" decoding=\"async\" width=\"590\" height=\"497\" data-id=\"428\" src=\"http:\/\/volvo4xx.hu\/wp-content\/uploads\/2021\/02\/biztonsag_3.jpg\" alt=\"\" class=\"wp-image-428\" srcset=\"https:\/\/volvo4xx.hu\/wp-content\/uploads\/2021\/02\/biztonsag_3.jpg 590w, https:\/\/volvo4xx.hu\/wp-content\/uploads\/2021\/02\/biztonsag_3-300x253.jpg 300w\" sizes=\"(max-width: 590px) 100vw, 590px\" \/><\/figure>\n\n\n\n<figure class=\"wp-block-image size-large\"><img loading=\"lazy\" decoding=\"async\" width=\"448\" height=\"289\" data-id=\"294\" src=\"http:\/\/volvo4xx.hu\/wp-content\/uploads\/2021\/01\/elso_futomu.jpg\" alt=\"\" class=\"wp-image-294\" srcset=\"https:\/\/volvo4xx.hu\/wp-content\/uploads\/2021\/01\/elso_futomu.jpg 448w, https:\/\/volvo4xx.hu\/wp-content\/uploads\/2021\/01\/elso_futomu-300x194.jpg 300w\" sizes=\"(max-width: 448px) 100vw, 448px\" \/><\/figure>\n<\/figure>\n\n\n\n<figure class=\"wp-block-embed aligncenter is-type-video is-provider-youtube wp-block-embed-youtube wp-embed-aspect-4-3 wp-has-aspect-ratio\"><div class=\"wp-block-embed__wrapper\">\n<iframe loading=\"lazy\" title=\"Volvo 480 ES crash tests\" width=\"640\" height=\"480\" src=\"https:\/\/www.youtube.com\/embed\/2n7qx60pEVA?feature=oembed\" frameborder=\"0\" allow=\"accelerometer; autoplay; clipboard-write; encrypted-media; gyroscope; picture-in-picture; web-share\" referrerpolicy=\"strict-origin-when-cross-origin\" allowfullscreen><\/iframe>\n<\/div><\/figure>\n\n\n\n<p>Az akt\u00edv v\u00e9delem eszk\u00f6zei a n\u00e9gy t\u00e1rcsaf\u00e9kkel szerelt k\u00e9tk\u00f6r\u00f6s, ABS \u00e9s TRACS-al rendelkez\u0151 f\u00e9krendszer \u00e9s az 1993 ut\u00e1n bevezetett SIPS komplex \u00fctk\u00f6z\u00e9sv\u00e9delmi rendszer. A passz\u00edv v\u00e9delmet az \u00f6vek becsatol\u00e1s\u00e1ra figyelmeztet\u0151 f\u00e9ny- \u00e9s hangjelz\u00e9s, az \u00e1tgondolt, ergon\u00f3mikus m\u0171szerfal \u00e9s kezel\u0151szervei, a k\u00e9nyelmes \u00fcl\u00e9sek, az \u00e1tlagt\u00f3l jobb hangszigetel\u00e9s \u00e9s a front\u00e1lis, oldal\u00fctk\u00f6z\u00e9sek elleni v\u00e9delem, meger\u0151s\u00edtett tet\u0151 jelentik. <\/p>\n\n\n\n<figure class=\"wp-block-gallery has-nested-images columns-default is-cropped wp-block-gallery-3 is-layout-flex wp-block-gallery-is-layout-flex\">\n<figure class=\"wp-block-image size-large\"><img loading=\"lazy\" decoding=\"async\" width=\"1009\" height=\"499\" data-id=\"864\" src=\"http:\/\/volvo4xx.hu\/wp-content\/uploads\/2021\/02\/kasztni_tetoerositesek.jpg\" alt=\"\" class=\"wp-image-864\" srcset=\"https:\/\/volvo4xx.hu\/wp-content\/uploads\/2021\/02\/kasztni_tetoerositesek.jpg 1009w, https:\/\/volvo4xx.hu\/wp-content\/uploads\/2021\/02\/kasztni_tetoerositesek-300x148.jpg 300w, https:\/\/volvo4xx.hu\/wp-content\/uploads\/2021\/02\/kasztni_tetoerositesek-768x380.jpg 768w\" sizes=\"(max-width: 1009px) 100vw, 1009px\" \/><\/figure>\n\n\n\n<figure class=\"wp-block-image size-large\"><img loading=\"lazy\" decoding=\"async\" width=\"628\" height=\"339\" data-id=\"863\" src=\"http:\/\/volvo4xx.hu\/wp-content\/uploads\/2021\/02\/biztons_ajto_460.jpg\" alt=\"\" class=\"wp-image-863\" srcset=\"https:\/\/volvo4xx.hu\/wp-content\/uploads\/2021\/02\/biztons_ajto_460.jpg 628w, https:\/\/volvo4xx.hu\/wp-content\/uploads\/2021\/02\/biztons_ajto_460-300x162.jpg 300w\" sizes=\"(max-width: 628px) 100vw, 628px\" \/><\/figure>\n\n\n\n<figure class=\"wp-block-image size-large\"><img loading=\"lazy\" decoding=\"async\" width=\"1024\" height=\"608\" data-id=\"865\" src=\"http:\/\/volvo4xx.hu\/wp-content\/uploads\/2021\/02\/480_gyurodozona2-1024x608.jpg\" alt=\"\" class=\"wp-image-865\" srcset=\"https:\/\/volvo4xx.hu\/wp-content\/uploads\/2021\/02\/480_gyurodozona2-1024x608.jpg 1024w, https:\/\/volvo4xx.hu\/wp-content\/uploads\/2021\/02\/480_gyurodozona2-300x178.jpg 300w, https:\/\/volvo4xx.hu\/wp-content\/uploads\/2021\/02\/480_gyurodozona2-768x456.jpg 768w, https:\/\/volvo4xx.hu\/wp-content\/uploads\/2021\/02\/480_gyurodozona2.jpg 1269w\" sizes=\"(max-width: 1024px) 100vw, 1024px\" \/><\/figure>\n<\/figure>\n\n\n<div class=\"wp-block-image\">\n<figure class=\"aligncenter size-large is-resized\"><a href=\"http:\/\/volvo4xx.hu\/wp-content\/uploads\/2021\/01\/karosszeria1.jpg\" target=\"_blank\" rel=\"noopener\"><img loading=\"lazy\" decoding=\"async\" src=\"http:\/\/volvo4xx.hu\/wp-content\/uploads\/2021\/01\/karosszeria1.jpg\" alt=\"\" class=\"wp-image-307\" width=\"730\" height=\"485\" srcset=\"https:\/\/volvo4xx.hu\/wp-content\/uploads\/2021\/01\/karosszeria1.jpg 505w, https:\/\/volvo4xx.hu\/wp-content\/uploads\/2021\/01\/karosszeria1-300x200.jpg 300w\" sizes=\"(max-width: 730px) 100vw, 730px\" \/><\/a><\/figure><\/div>\n\n\n<p>Az utasv\u00e9delem egyik kifejezett c\u00e9lcsoportjai a gyerekek. Az \u0151 v\u00e9delm\u00fcket biztos\u00edtja a biztons\u00e1gos kiemelhet\u0151 \u00e9s r\u00f6gz\u00edthet\u0151 gy\u00e1ri gyerek\u00fcl\u00e9s, a h\u00e1ts\u00f3 biztons\u00e1gi \u00fcl\u00e9slap, amelyb\u0151l k\u00e9t gyerek sz\u00e1m\u00e1ra kiemelhet\u0151 a magas\u00edtott gyerek\u00fcl\u00e9s.<\/p>\n\n\n<div class=\"wp-block-image\">\n<figure class=\"aligncenter size-large is-resized\"><img loading=\"lazy\" decoding=\"async\" src=\"http:\/\/volvo4xx.hu\/wp-content\/uploads\/2021\/02\/bizt_gyerekules.png\" alt=\"\" class=\"wp-image-437\" width=\"782\" height=\"549\" srcset=\"https:\/\/volvo4xx.hu\/wp-content\/uploads\/2021\/02\/bizt_gyerekules.png 724w, https:\/\/volvo4xx.hu\/wp-content\/uploads\/2021\/02\/bizt_gyerekules-300x211.png 300w\" sizes=\"(max-width: 782px) 100vw, 782px\" \/><\/figure><\/div>\n\n\n<hr class=\"wp-block-separator has-css-opacity is-style-wide\"\/>\n\n\n\n<p>A torslandai <a rel=\"noreferrer noopener\" href=\"https:\/\/youtu.be\/359bfS5e6gU\" target=\"_blank\">VOLVO gy\u00e1r<\/a> 50 \u00e9ves t\u00f6rt\u00e9nete (1967-2014)<\/p>\n\n\n\n<hr class=\"wp-block-separator has-alpha-channel-opacity is-style-wide\"\/>\n\n\n\n<p class=\"has-text-align-center\"><em>A honlapon szerepl\u0151 anyagok, k\u00e9pek a \u201cVolvo Car Corporation\u201d \u00e9s a magyarorsz\u00e1gi Volvo tulajdonosok szellemi tulajdon\u00e1t k\u00e9pezik!<\/em><\/p>\n","protected":false},"excerpt":{"rendered":"<p>n\u00e9v a latin &#8222;volvere=gurulni&#8221; sz\u00f3b\u00f3l eredeztethet\u0151. Eleinte a Volvo gy\u00e1r g\u00f6rd\u00fcl\u0151csap\u00e1gyak gy\u00e1rt\u00e1s\u00e1val foglalkozott, a k\u00e9t v\u00e1llalkoz\u00f3 m\u00e9rn\u00f6kember, Gustav Larson \u00e9s Assar Gabrielsson megv\u00e1s\u00e1rolta \u00e9s aut\u00f3t kezdtek gy\u00e1rtani; 1921-et \u00edrtak akkor. Megsz\u00fcletik az \u00d6V4 \u00e9s pap\u00edrra vetik a biztons\u00e1gr\u00f3l sz\u00f3l\u00f3 gondolataikat, ami az\u00f3ta a m\u00e1rka filoz\u00f3fi\u00e1j\u00e1v\u00e1 v\u00e1lt. Neh\u00e9z lenne mind felsorolni azokat a biztons\u00e1gi fejleszt\u00e9seket, amiket [&hellip;]<\/p>\n","protected":false},"author":1,"featured_media":0,"parent":0,"menu_order":0,"comment_status":"closed","ping_status":"closed","template":"","meta":{"_exactmetrics_skip_tracking":false,"_exactmetrics_sitenote_active":false,"_exactmetrics_sitenote_note":"","_exactmetrics_sitenote_category":0,"footnotes":""},"_links":{"self":[{"href":"https:\/\/volvo4xx.hu\/index.php?rest_route=\/wp\/v2\/pages\/33"}],"collection":[{"href":"https:\/\/volvo4xx.hu\/index.php?rest_route=\/wp\/v2\/pages"}],"about":[{"href":"https:\/\/volvo4xx.hu\/index.php?rest_route=\/wp\/v2\/types\/page"}],"author":[{"embeddable":true,"href":"https:\/\/volvo4xx.hu\/index.php?rest_route=\/wp\/v2\/users\/1"}],"replies":[{"embeddable":true,"href":"https:\/\/volvo4xx.hu\/index.php?rest_route=%2Fwp%2Fv2%2Fcomments&post=33"}],"version-history":[{"count":55,"href":"https:\/\/volvo4xx.hu\/index.php?rest_route=\/wp\/v2\/pages\/33\/revisions"}],"predecessor-version":[{"id":1600,"href":"https:\/\/volvo4xx.hu\/index.php?rest_route=\/wp\/v2\/pages\/33\/revisions\/1600"}],"wp:attachment":[{"href":"https:\/\/volvo4xx.hu\/index.php?rest_route=%2Fwp%2Fv2%2Fmedia&parent=33"}],"curies":[{"name":"wp","href":"https:\/\/api.w.org\/{rel}","templated":true}]}}