{"id":1637,"date":"2022-11-15T10:16:33","date_gmt":"2022-11-15T10:16:33","guid":{"rendered":"http:\/\/volvo4xx.hu\/?page_id=1637"},"modified":"2022-11-23T09:58:30","modified_gmt":"2022-11-23T09:58:30","slug":"960_diy","status":"publish","type":"page","link":"https:\/\/volvo4xx.hu\/?page_id=1637","title":{"rendered":"960_DIY"},"content":{"rendered":"\n<h2 class=\"wp-block-heading\">Csin\u00e1ld magad &#8211; Do It Yourself!<\/h2>\n\n\n<div class=\"wp-block-image\">\n<figure class=\"alignleft size-full is-resized\"><img loading=\"lazy\" decoding=\"async\" src=\"http:\/\/volvo4xx.hu\/wp-content\/uploads\/2022\/11\/960.png\" alt=\"\" class=\"wp-image-1669\" width=\"75\" height=\"51\"\/><\/figure><\/div>\n\n\n<p>-as szerel\u00e9s\u00e9hez egy vide\u00f3gy\u0171jtem\u00e9ny ny\u00fajt seg\u00edts\u00e9get a b\u00e1trabbak sz\u00e1m\u00e1ra. Javaslat: csakis a megfelel\u0151 szerel\u00e9si rutinnal, m\u0171hellyel \u00e9s szersz\u00e1mokkal rendelkez\u0151k fogjanak hozz\u00e1! <\/p>\n\n\n\n<hr class=\"wp-block-separator has-alpha-channel-opacity is-style-wide\"\/>\n\n\n\n<ul>\n<li><a rel=\"noreferrer noopener\" href=\"https:\/\/youtu.be\/W8uBFivoVPU\" target=\"_blank\">Emel\u0151pontok<\/a> az aut\u00f3n &#8211; <a href=\"https:\/\/youtu.be\/W8uBFivoVPU\" target=\"_blank\" rel=\"noreferrer noopener\">Locating Jack Points<\/a><\/li>\n\n\n\n<li><a rel=\"noreferrer noopener\" href=\"https:\/\/youtu.be\/5jOSU6lLJlc\" target=\"_blank\">Gyertyacsere<\/a> &#8211; Spark Plug Replacement<\/li>\n\n\n\n<li>A motor <a rel=\"noreferrer noopener\" href=\"https:\/\/youtu.be\/v81LoA6xpTg\" target=\"_blank\">sz\u00edv\u00f3oldal\u00e1nak szerel\u00e9se<\/a> &#8211; <a href=\"https:\/\/youtu.be\/v81LoA6xpTg\" target=\"_blank\" rel=\"noreferrer noopener\">Throttle Body Removal<\/a><\/li>\n\n\n\n<li><a href=\"https:\/\/youtu.be\/oP9uVT7uVak\" target=\"_blank\" rel=\"noreferrer noopener\">Befecskendez\u0151sor leszerel\u00e9se<\/a> &#8211; <a href=\"https:\/\/youtu.be\/oP9uVT7uVak\" target=\"_blank\" rel=\"noreferrer noopener\">Fuel Rail Removal<\/a><\/li>\n\n\n\n<li><a href=\"https:\/\/youtu.be\/fMMGKQlNUdE\" target=\"_blank\" rel=\"noreferrer noopener\">Sz\u00edv\u00f3oldal \u00e9s EGR szerel\u00e9s<\/a> &#8211; <a rel=\"noreferrer noopener\" href=\"https:\/\/youtu.be\/fMMGKQlNUdE\" target=\"_blank\">Removing The Intake Manifold and EGR<\/a><\/li>\n\n\n\n<li><a rel=\"noreferrer noopener\" href=\"https:\/\/youtu.be\/y2-HDOAh3xE\" target=\"_blank\">Vez\u00e9rl\u00e9scsere<\/a> &#8211; <a href=\"https:\/\/youtu.be\/y2-HDOAh3xE\" target=\"_blank\" rel=\"noreferrer noopener\">Timing Belt Replacement<\/a><\/li>\n\n\n\n<li><a rel=\"noreferrer noopener\" href=\"https:\/\/youtu.be\/OuzwzKttKBM\" target=\"_blank\">Olajlecsap\u00f3 tart\u00e1ly cser\u00e9je<\/a> &#8211; <a href=\"https:\/\/youtu.be\/OuzwzKttKBM\" target=\"_blank\" rel=\"noreferrer noopener\">Breather Kit Installation and Reassembly<\/a><\/li>\n\n\n\n<li>L\u00e9gsz\u0171r\u0151h\u00e1z \u00e9s a l\u00e9gt\u00f6megm\u00e9r\u0151 <a rel=\"noreferrer noopener\" href=\"https:\/\/youtu.be\/NF_oIjRuuyg\" target=\"_blank\">kiszerel\u00e9se<\/a><\/li>\n\n\n\n<li><a rel=\"noreferrer noopener\" href=\"https:\/\/youtu.be\/lUvgziOL-Dw\" target=\"_blank\">\u00dczemanyagnyom\u00e1s teszt<\/a><\/li>\n\n\n\n<li>Motorh\u00e1ztet\u0151t tart\u00f3 <a href=\"https:\/\/youtu.be\/813v9jZ9nRE\" target=\"_blank\" rel=\"noreferrer noopener\">g\u00e1zteleszk\u00f3pok cser\u00e9je<\/a><\/li>\n\n\n\n<li>L\u00e9gkond\u00edcion\u00e1l\u00f3 <a rel=\"noreferrer noopener\" href=\"https:\/\/youtu.be\/aRRdGZNwvTQ\" target=\"_blank\">h\u0151cser\u00e9l\u0151j\u00e9nek \u00e9s tanksapka ajt\u00f3 zsan\u00e9rj\u00e1nak<\/a> a cser\u00e9je, h\u00e1ts\u00f3 ajt\u00f3ban fut\u00f3 k\u00e1belek t\u00f6r\u00e9s\u00e9nek jav\u00edt\u00e1sa<\/li>\n\n\n\n<li>Hibak\u00f3dok <a rel=\"noreferrer noopener\" href=\"https:\/\/youtu.be\/_9kvXVRFz7g\" target=\"_blank\">kiolvas\u00e1sa<\/a>, 1995 <a href=\"https:\/\/youtu.be\/J7ubhFLg6nU\" target=\"_blank\" rel=\"noreferrer noopener\">el\u0151tti aut\u00f3kon<\/a><\/li>\n\n\n\n<li>JE <a rel=\"noreferrer noopener\" href=\"https:\/\/youtu.be\/FkjtBz0c1Js\" target=\"_blank\">napellenz\u0151 jav\u00edt\u00e1sa<\/a><\/li>\n<\/ul>\n","protected":false},"excerpt":{"rendered":"<p>Csin\u00e1ld magad &#8211; Do It Yourself! -as szerel\u00e9s\u00e9hez egy vide\u00f3gy\u0171jtem\u00e9ny ny\u00fajt seg\u00edts\u00e9get a b\u00e1trabbak sz\u00e1m\u00e1ra. Javaslat: csakis a megfelel\u0151 szerel\u00e9si rutinnal, m\u0171hellyel \u00e9s szersz\u00e1mokkal rendelkez\u0151k fogjanak hozz\u00e1!<\/p>\n","protected":false},"author":1,"featured_media":0,"parent":0,"menu_order":0,"comment_status":"closed","ping_status":"closed","template":"","meta":{"_exactmetrics_skip_tracking":false,"_exactmetrics_sitenote_active":false,"_exactmetrics_sitenote_note":"","_exactmetrics_sitenote_category":0,"footnotes":""},"_links":{"self":[{"href":"https:\/\/volvo4xx.hu\/index.php?rest_route=\/wp\/v2\/pages\/1637"}],"collection":[{"href":"https:\/\/volvo4xx.hu\/index.php?rest_route=\/wp\/v2\/pages"}],"about":[{"href":"https:\/\/volvo4xx.hu\/index.php?rest_route=\/wp\/v2\/types\/page"}],"author":[{"embeddable":true,"href":"https:\/\/volvo4xx.hu\/index.php?rest_route=\/wp\/v2\/users\/1"}],"replies":[{"embeddable":true,"href":"https:\/\/volvo4xx.hu\/index.php?rest_route=%2Fwp%2Fv2%2Fcomments&post=1637"}],"version-history":[{"count":19,"href":"https:\/\/volvo4xx.hu\/index.php?rest_route=\/wp\/v2\/pages\/1637\/revisions"}],"predecessor-version":[{"id":1676,"href":"https:\/\/volvo4xx.hu\/index.php?rest_route=\/wp\/v2\/pages\/1637\/revisions\/1676"}],"wp:attachment":[{"href":"https:\/\/volvo4xx.hu\/index.php?rest_route=%2Fwp%2Fv2%2Fmedia&parent=1637"}],"curies":[{"name":"wp","href":"https:\/\/api.w.org\/{rel}","templated":true}]}}